{"id":16297,"date":"2024-12-11T14:34:24","date_gmt":"2024-12-11T14:34:24","guid":{"rendered":"https:\/\/cucciolieallevamenti.it\/?page_id=16297"},"modified":"2024-12-11T15:01:23","modified_gmt":"2024-12-11T15:01:23","slug":"west-highland-white-terrier","status":"publish","type":"page","link":"https:\/\/cucciolieallevamenti.it\/?page_id=16297","title":{"rendered":"West Highland White Terrier"},"content":{"rendered":"\t\t<div data-elementor-type=\"wp-page\" data-elementor-id=\"16297\" class=\"elementor elementor-16297\" data-elementor-post-type=\"page\">\n\t\t\t\t<div class=\"elementor-element elementor-element-3a7ecc9d e-flex e-con-boxed e-con e-parent\" data-id=\"3a7ecc9d\" data-element_type=\"container\" data-e-type=\"container\">\n\t\t\t\t\t<div class=\"e-con-inner\">\n\t\t\t\t\t<\/div>\n\t\t\t\t<\/div>\n\t\t<div class=\"elementor-element elementor-element-19460362 e-flex e-con-boxed e-con e-parent\" data-id=\"19460362\" data-element_type=\"container\" data-e-type=\"container\">\n\t\t\t\t\t<div class=\"e-con-inner\">\n\t\t\t\t<div class=\"elementor-element elementor-element-256bef75 elementor-invisible elementor-widget elementor-widget-theme-post-title elementor-page-title elementor-widget-heading\" data-id=\"256bef75\" data-element_type=\"widget\" data-e-type=\"widget\" data-settings=\"{&quot;_animation&quot;:&quot;fadeIn&quot;,&quot;_animation_delay&quot;:300}\" data-widget_type=\"theme-post-title.default\">\n\t\t\t\t<div class=\"elementor-widget-container\">\n\t\t\t\t\t<h1 class=\"elementor-heading-title elementor-size-default\">West Highland White Terrier<\/h1>\t\t\t\t<\/div>\n\t\t\t\t<\/div>\n\t\t\t\t<div class=\"elementor-element elementor-element-3a648455 elementor-skin-carousel elementor-arrows-yes elementor-pagination-type-bullets elementor-pagination-position-outside elementor-widget elementor-widget-media-carousel\" data-id=\"3a648455\" data-element_type=\"widget\" data-e-type=\"widget\" data-settings=\"{&quot;skin&quot;:&quot;carousel&quot;,&quot;effect&quot;:&quot;slide&quot;,&quot;show_arrows&quot;:&quot;yes&quot;,&quot;pagination&quot;:&quot;bullets&quot;,&quot;speed&quot;:500,&quot;autoplay&quot;:&quot;yes&quot;,&quot;autoplay_speed&quot;:5000,&quot;loop&quot;:&quot;yes&quot;,&quot;pause_on_hover&quot;:&quot;yes&quot;,&quot;pause_on_interaction&quot;:&quot;yes&quot;,&quot;space_between&quot;:{&quot;unit&quot;:&quot;px&quot;,&quot;size&quot;:10,&quot;sizes&quot;:[]},&quot;space_between_tablet&quot;:{&quot;unit&quot;:&quot;px&quot;,&quot;size&quot;:10,&quot;sizes&quot;:[]},&quot;space_between_mobile&quot;:{&quot;unit&quot;:&quot;px&quot;,&quot;size&quot;:10,&quot;sizes&quot;:[]}}\" data-widget_type=\"media-carousel.default\">\n\t\t\t\t<div class=\"elementor-widget-container\">\n\t\t\t\t\t\t\t\t\t<div class=\"elementor-swiper\">\n\t\t\t\t\t<div class=\"elementor-main-swiper swiper\" role=\"region\" aria-roledescription=\"carousel\" aria-label=\"Slides\">\n\t\t\t\t<div class=\"swiper-wrapper\">\n\t\t\t\t\t\t\t\t\t\t\t<div class=\"swiper-slide\" role=\"group\" aria-roledescription=\"slide\">\n\t\t\t\t\t\t\t\t\t<div class=\"elementor-carousel-image\" role=\"img\" aria-label=\"DSC_0118\" style=\"background-image: url(&#039;https:\/\/cucciolieallevamenti.it\/wp-content\/uploads\/2024\/12\/DSC_0118.jpg&#039;)\">\n\n\t\t\t\n\t\t\t\t\t<\/div>\n\t\t\t\t\t\t\t\t<\/div>\n\t\t\t\t\t\t\t\t\t\t\t<div class=\"swiper-slide\" role=\"group\" aria-roledescription=\"slide\">\n\t\t\t\t\t\t\t\t\t<div class=\"elementor-carousel-image\" role=\"img\" aria-label=\"DSC_0128\" style=\"background-image: url(&#039;https:\/\/cucciolieallevamenti.it\/wp-content\/uploads\/2024\/12\/DSC_0128.jpg&#039;)\">\n\n\t\t\t\n\t\t\t\t\t<\/div>\n\t\t\t\t\t\t\t\t<\/div>\n\t\t\t\t\t\t\t\t\t\t\t<div class=\"swiper-slide\" role=\"group\" aria-roledescription=\"slide\">\n\t\t\t\t\t\t\t\t\t<div class=\"elementor-carousel-image\" role=\"img\" aria-label=\"DSC_0032\" style=\"background-image: url(&#039;https:\/\/cucciolieallevamenti.it\/wp-content\/uploads\/2024\/12\/DSC_0032.jpg&#039;)\">\n\n\t\t\t\n\t\t\t\t\t<\/div>\n\t\t\t\t\t\t\t\t<\/div>\n\t\t\t\t\t\t\t\t\t\t\t<div class=\"swiper-slide\" role=\"group\" aria-roledescription=\"slide\">\n\t\t\t\t\t\t\t\t\t<div class=\"elementor-carousel-image\" role=\"img\" aria-label=\"DSC_0032\" style=\"background-image: url(&#039;https:\/\/cucciolieallevamenti.it\/wp-content\/uploads\/2024\/12\/DSC_0032-1.jpg&#039;)\">\n\n\t\t\t\n\t\t\t\t\t<\/div>\n\t\t\t\t\t\t\t\t<\/div>\n\t\t\t\t\t\t\t\t\t\t\t<div class=\"swiper-slide\" role=\"group\" aria-roledescription=\"slide\">\n\t\t\t\t\t\t\t\t\t<div class=\"elementor-carousel-image\" role=\"img\" aria-label=\"DSC_0108\" style=\"background-image: url(&#039;https:\/\/cucciolieallevamenti.it\/wp-content\/uploads\/2024\/12\/DSC_0108.jpg&#039;)\">\n\n\t\t\t\n\t\t\t\t\t<\/div>\n\t\t\t\t\t\t\t\t<\/div>\n\t\t\t\t\t\t\t\t\t\t\t<div class=\"swiper-slide\" role=\"group\" aria-roledescription=\"slide\">\n\t\t\t\t\t\t\t\t\t<div class=\"elementor-carousel-image\" role=\"img\" aria-label=\"DSC_0054\" style=\"background-image: url(&#039;https:\/\/cucciolieallevamenti.it\/wp-content\/uploads\/2024\/12\/DSC_0054.jpg&#039;)\">\n\n\t\t\t\n\t\t\t\t\t<\/div>\n\t\t\t\t\t\t\t\t<\/div>\n\t\t\t\t\t\t\t\t\t<\/div>\n\t\t\t\t\t\t\t\t\t\t\t\t\t\t\t<div class=\"elementor-swiper-button elementor-swiper-button-prev\" role=\"button\" tabindex=\"0\" aria-label=\"Precedente\">\n\t\t\t\t\t\t\t<svg aria-hidden=\"true\" class=\"e-font-icon-svg e-eicon-chevron-left\" viewBox=\"0 0 1000 1000\" xmlns=\"http:\/\/www.w3.org\/2000\/svg\"><path d=\"M646 125C629 125 613 133 604 142L308 442C296 454 292 471 292 487 292 504 296 521 308 533L604 854C617 867 629 875 646 875 663 875 679 871 692 858 704 846 713 829 713 812 713 796 708 779 692 767L438 487 692 225C700 217 708 204 708 187 708 171 704 154 692 142 675 129 663 125 646 125Z\"><\/path><\/svg>\t\t\t\t\t\t<\/div>\n\t\t\t\t\t\t<div class=\"elementor-swiper-button elementor-swiper-button-next\" role=\"button\" tabindex=\"0\" aria-label=\"Successivo\">\n\t\t\t\t\t\t\t<svg aria-hidden=\"true\" class=\"e-font-icon-svg e-eicon-chevron-right\" viewBox=\"0 0 1000 1000\" xmlns=\"http:\/\/www.w3.org\/2000\/svg\"><path d=\"M696 533C708 521 713 504 713 487 713 471 708 454 696 446L400 146C388 133 375 125 354 125 338 125 325 129 313 142 300 154 292 171 292 187 292 204 296 221 308 233L563 492 304 771C292 783 288 800 288 817 288 833 296 850 308 863 321 871 338 875 354 875 371 875 388 867 400 854L696 533Z\"><\/path><\/svg>\t\t\t\t\t\t<\/div>\n\t\t\t\t\t\t\t\t\t\t\t\t\t\t\t\t<div class=\"swiper-pagination\"><\/div>\n\t\t\t\t\t\t\t\t\t\t\t\t<\/div>\n\t\t\t\t<\/div>\n\t\t\t\t\t\t\t\t<\/div>\n\t\t\t\t<\/div>\n\t\t<div class=\"elementor-element elementor-element-286eef13 e-con-full e-flex e-con e-child\" data-id=\"286eef13\" data-element_type=\"container\" data-e-type=\"container\">\n\t\t\t\t<div class=\"elementor-element elementor-element-6bb0d95f elementor-widget elementor-widget-heading\" data-id=\"6bb0d95f\" data-element_type=\"widget\" data-e-type=\"widget\" data-widget_type=\"heading.default\">\n\t\t\t\t<div class=\"elementor-widget-container\">\n\t\t\t\t\t<h5 class=\"elementor-heading-title elementor-size-default\">Origine<\/h5>\t\t\t\t<\/div>\n\t\t\t\t<\/div>\n\t\t\t\t<div class=\"elementor-element elementor-element-4b43e706 elementor-widget elementor-widget-text-editor\" data-id=\"4b43e706\" data-element_type=\"widget\" data-e-type=\"widget\" data-widget_type=\"text-editor.default\">\n\t\t\t\t<div class=\"elementor-widget-container\">\n\t\t\t\t\t\t\t\t\t<p>Gran Bretagna<\/p>\t\t\t\t\t\t\t\t<\/div>\n\t\t\t\t<\/div>\n\t\t\t\t<div class=\"elementor-element elementor-element-63a2a9b5 elementor-widget elementor-widget-heading\" data-id=\"63a2a9b5\" data-element_type=\"widget\" data-e-type=\"widget\" data-widget_type=\"heading.default\">\n\t\t\t\t<div class=\"elementor-widget-container\">\n\t\t\t\t\t<h5 class=\"elementor-heading-title elementor-size-default\">Utilizzo<\/h5>\t\t\t\t<\/div>\n\t\t\t\t<\/div>\n\t\t\t\t<div class=\"elementor-element elementor-element-1ab790a7 elementor-widget elementor-widget-text-editor\" data-id=\"1ab790a7\" data-element_type=\"widget\" data-e-type=\"widget\" data-widget_type=\"text-editor.default\">\n\t\t\t\t<div class=\"elementor-widget-container\">\n\t\t\t\t\t\t\t\t\t<p>Terrier da caccia sopra e sotto terra<\/p>\t\t\t\t\t\t\t\t<\/div>\n\t\t\t\t<\/div>\n\t\t\t\t<div class=\"elementor-element elementor-element-2308f2be elementor-widget elementor-widget-heading\" data-id=\"2308f2be\" data-element_type=\"widget\" data-e-type=\"widget\" data-widget_type=\"heading.default\">\n\t\t\t\t<div class=\"elementor-widget-container\">\n\t\t\t\t\t<h5 class=\"elementor-heading-title elementor-size-default\">Comportamento \/ Carattere<\/h5>\t\t\t\t<\/div>\n\t\t\t\t<\/div>\n\t\t\t\t<div class=\"elementor-element elementor-element-a96d234 elementor-widget elementor-widget-text-editor\" data-id=\"a96d234\" data-element_type=\"widget\" data-e-type=\"widget\" data-widget_type=\"text-editor.default\">\n\t\t\t\t<div class=\"elementor-widget-container\">\n\t\t\t\t\t\t\t\t\t<p>Il West Highland White Terrier detto anche Westie (Westy) \u00e8 un cane di piccola, attivo, sportivo, duro, provvisto di un buon concetto di se\u0301, con un aspetto birichino. Sveglio, allegro, coraggioso, indipendente ma amichevole. <br \/>Il Westie pur essendo piccolo, \u00e8 molto vivace e coraggioso: tali caratteristiche lo portano spesso a lanciarsi in duelli che lo vedono contrapposto ad animali di taglia decisamente maggiore.<br \/>Il West Highland White Terrier si dimostra un cane molto affettuoso con i propri padroni (anche se non ama, a dispetto della taglia, essere tenuto in braccio); \u00e8 portato ad essere socievole e amichevole anche con gli estranei: di questo va tenuto conto perch\u00e9 il Westie \u00e8 un buon cane da allarme, ma non \u00e8 certo un cane da guardia. \u00c8 un cane piuttosto equilibrato, non portato per gli isterismi, anche se comunque per natura \u00e8 focoso e possiede un comportamento acceso<br \/>Il Westie \u00e8 un cane sempre sicuro, mai mordace, intelligentissimo e capace di sopportare i bambini. \u00c8 un ottimo compagno per lunghe passeggiate. Sono cani molto vivaci, amano stare all&#8217;aria aperta ma possono tranquillamente vivere in appartamento. Sono cani esuberanti e adatti a discipline come l&#8217;agility dog\u00a0e l&#8217;obedience.<br \/>\u00c8 un ottimo cane da tana, ma oggi \u00e8 ricercato quasi esclusivamente come cane da compagnia.<\/p>\t\t\t\t\t\t\t\t<\/div>\n\t\t\t\t<\/div>\n\t\t\t\t<div class=\"elementor-element elementor-element-62ece118 elementor-widget elementor-widget-heading\" data-id=\"62ece118\" data-element_type=\"widget\" data-e-type=\"widget\" data-widget_type=\"heading.default\">\n\t\t\t\t<div class=\"elementor-widget-container\">\n\t\t\t\t\t<h5 class=\"elementor-heading-title elementor-size-default\">Brevi cenni storici<\/h5>\t\t\t\t<\/div>\n\t\t\t\t<\/div>\n\t\t\t\t<div class=\"elementor-element elementor-element-7125be43 elementor-widget elementor-widget-text-editor\" data-id=\"7125be43\" data-element_type=\"widget\" data-e-type=\"widget\" data-widget_type=\"text-editor.default\">\n\t\t\t\t<div class=\"elementor-widget-container\">\n\t\t\t\t\t\t\t\t\t<p>L&#8217;origine del West Highland White Terrier (Westie) \u00e8 in parte comune agli altri\u00a0terrier\u00a0di origine scozzese, tutti derivati dal\u00a0Cairn Terrier. Fu il colonnello Malcolm a selezionare il colore bianco del pelo richiesto dallo standard. Il colonnello scelse tale colore per la visibilit\u00e0 dell&#8217;animale durante le battute di caccia che, infatti, risultava decisamente maggiore. La scelta deriv\u00f2 anche da un errore che il colonnello stesso fece durante una delle battute, uccidendo il suo cane preferito. Difatti i Westie erano utilizzati nella caccia a volpi e conigli (si infilano nelle tane prendono l&#8217;animale e vengono estratti tirandoli per la coda.<\/p>\t\t\t\t\t\t\t\t<\/div>\n\t\t\t\t<\/div>\n\t\t\t\t<div class=\"elementor-element elementor-element-159b0a5f elementor-widget elementor-widget-heading\" data-id=\"159b0a5f\" data-element_type=\"widget\" data-e-type=\"widget\" data-widget_type=\"heading.default\">\n\t\t\t\t<div class=\"elementor-widget-container\">\n\t\t\t\t\t<h5 class=\"elementor-heading-title elementor-size-default\">Aspetto generale<\/h5>\t\t\t\t<\/div>\n\t\t\t\t<\/div>\n\t\t\t\t<div class=\"elementor-element elementor-element-3c7fe071 elementor-widget elementor-widget-text-editor\" data-id=\"3c7fe071\" data-element_type=\"widget\" data-e-type=\"widget\" data-widget_type=\"text-editor.default\">\n\t\t\t\t<div class=\"elementor-widget-container\">\n\t\t\t\t\t\t\t\t\t<p>Laspetto el West Highland White Terrier \u00e8 di forte costruzione; torace profondo e costole ben distese all\u2019indietro; dorso orizzontale e potenti posteriori con arti muscolosi; mostra spiccatamente di combinare al massimo la forza e l\u2019attivita\u0300. <br \/>La testa presenta cranio leggermente bombato, con contorni uniformi, portata ad angolo retto o acuto con l\u2019asse del collo. Lo stop marcato formato da pesanti arcate sopraccigliari, immediatamente al di sopra degli occhi e leggermente sporgenti, la canna nasale di buona sostanza. Gli Occhi sono ben distanziati, di grandezza media, il pi\u00f9 possibile scuri. Le Orecchie piccole, diritte, portate erette. La coda lunga da 13 a 15 cm. ricoperta da pelo duro, senza frange, ma diritta il piu\u0300 possibile, portata briosamente ma non gaia o ricurva sul dorso. Una coda lunga e\u0300 indesiderabile, e in nessun caso deve essere tagliata. Il mantello \u00e8 doppio costituito dal pelo di copertura che si presenta duro e lungo circa 5 cm, senza riccioli e dal sottopelo, che assomiglia ad una pelliccia ed \u00e8 corto, soffice, denso di colore bianco.<\/p>\t\t\t\t\t\t\t\t<\/div>\n\t\t\t\t<\/div>\n\t\t\t\t<div class=\"elementor-element elementor-element-66ec6313 elementor-widget elementor-widget-heading\" data-id=\"66ec6313\" data-element_type=\"widget\" data-e-type=\"widget\" data-widget_type=\"heading.default\">\n\t\t\t\t<div class=\"elementor-widget-container\">\n\t\t\t\t\t<h5 class=\"elementor-heading-title elementor-size-default\">Taglia \/ Peso<\/h5>\t\t\t\t<\/div>\n\t\t\t\t<\/div>\n\t\t\t\t<div class=\"elementor-element elementor-element-19eaca7e elementor-widget elementor-widget-text-editor\" data-id=\"19eaca7e\" data-element_type=\"widget\" data-e-type=\"widget\" data-widget_type=\"text-editor.default\">\n\t\t\t\t<div class=\"elementor-widget-container\">\n\t\t\t\t\t\t\t\t\t<p>Altezza al garrese: 28 cm circa <br \/>Peso da considerarsi tra i 7 e i 10 Kg<\/p>\t\t\t\t\t\t\t\t<\/div>\n\t\t\t\t<\/div>\n\t\t\t\t<div class=\"elementor-element elementor-element-7806e185 elementor-widget elementor-widget-heading\" data-id=\"7806e185\" data-element_type=\"widget\" data-e-type=\"widget\" data-widget_type=\"heading.default\">\n\t\t\t\t<div class=\"elementor-widget-container\">\n\t\t\t\t\t<h5 class=\"elementor-heading-title elementor-size-default\">Mantello \/ Pelo \/Colore<\/h5>\t\t\t\t<\/div>\n\t\t\t\t<\/div>\n\t\t\t\t<div class=\"elementor-element elementor-element-12540dda elementor-widget elementor-widget-text-editor\" data-id=\"12540dda\" data-element_type=\"widget\" data-e-type=\"widget\" data-widget_type=\"text-editor.default\">\n\t\t\t\t<div class=\"elementor-widget-container\">\n\t\t\t\t\t\t\t\t\t<p>Il West Highland White Terrier presenta un doppio mantello. Il pelo di copertura e\u0300 duro, lungo circa 5 cm., senza riccioli. Il sottopelo, che assomiglia ad una pelliccia, e\u0300 corto, soffice, denso. Un mantello aperto e\u0300 altamente indesiderabile <br \/><br \/>Nella razza West Highland White Terrier, come indica il nome, \u00e8 riconosciuto solo il colore Bianco<\/p>\t\t\t\t\t\t\t\t<\/div>\n\t\t\t\t<\/div>\n\t\t\t\t<\/div>\n\t\t\t\t\t<\/div>\n\t\t\t\t<\/div>\n\t\t<div class=\"elementor-element elementor-element-7a8fc5ed e-flex e-con-boxed e-con e-parent\" data-id=\"7a8fc5ed\" data-element_type=\"container\" data-e-type=\"container\">\n\t\t\t\t\t<div class=\"e-con-inner\">\n\t\t<div class=\"elementor-element elementor-element-3a59fbb5 e-con-full e-flex e-con e-child\" data-id=\"3a59fbb5\" data-element_type=\"container\" data-e-type=\"container\">\n\t\t\t\t<div class=\"elementor-element elementor-element-6bf402ac elementor-widget elementor-widget-heading\" data-id=\"6bf402ac\" data-element_type=\"widget\" data-e-type=\"widget\" data-widget_type=\"heading.default\">\n\t\t\t\t<div class=\"elementor-widget-container\">\n\t\t\t\t\t<h5 class=\"elementor-heading-title elementor-size-default\">Disponibilit\u00e0<\/h5>\t\t\t\t<\/div>\n\t\t\t\t<\/div>\n\t\t\t\t<div class=\"elementor-element elementor-element-2f3cbf86 elementor-widget elementor-widget-text-editor\" data-id=\"2f3cbf86\" data-element_type=\"widget\" data-e-type=\"widget\" data-widget_type=\"text-editor.default\">\n\t\t\t\t<div class=\"elementor-widget-container\">\n\t\t\t\t\t\t\t\t\t<p>Per conoscere le disponibilit\u00e0 attuali dei nostri cuccioli, non esitate a contattarci direttamente.<br \/>Saremo felici di fornirvi tutte le informazioni di cui avete bisogno!<\/p>\t\t\t\t\t\t\t\t<\/div>\n\t\t\t\t<\/div>\n\t\t\t\t<\/div>\n\t\t\t\t\t<\/div>\n\t\t\t\t<\/div>\n\t\t\t\t<\/div>\n\t\t","protected":false},"excerpt":{"rendered":"<p>Precedente Successivo Origine Gran Bretagna Utilizzo Terrier da caccia sopra e sotto terra Comportamento \/ Carattere Il West Highland White Terrier detto anche Westie (Westy) \u00e8 un cane di piccola, attivo, sportivo, duro, provvisto di un buon concetto di se\u0301, con un aspetto birichino. Sveglio, allegro, coraggioso, indipendente ma amichevole. Il Westie pur essendo piccolo, [&hellip;]<\/p>\n","protected":false},"author":2,"featured_media":0,"parent":16075,"menu_order":0,"comment_status":"closed","ping_status":"closed","template":"","meta":{"footnotes":""},"class_list":["post-16297","page","type-page","status-publish","hentry"],"_links":{"self":[{"href":"https:\/\/cucciolieallevamenti.it\/index.php?rest_route=\/wp\/v2\/pages\/16297","targetHints":{"allow":["GET"]}}],"collection":[{"href":"https:\/\/cucciolieallevamenti.it\/index.php?rest_route=\/wp\/v2\/pages"}],"about":[{"href":"https:\/\/cucciolieallevamenti.it\/index.php?rest_route=\/wp\/v2\/types\/page"}],"author":[{"embeddable":true,"href":"https:\/\/cucciolieallevamenti.it\/index.php?rest_route=\/wp\/v2\/users\/2"}],"replies":[{"embeddable":true,"href":"https:\/\/cucciolieallevamenti.it\/index.php?rest_route=%2Fwp%2Fv2%2Fcomments&post=16297"}],"version-history":[{"count":5,"href":"https:\/\/cucciolieallevamenti.it\/index.php?rest_route=\/wp\/v2\/pages\/16297\/revisions"}],"predecessor-version":[{"id":16322,"href":"https:\/\/cucciolieallevamenti.it\/index.php?rest_route=\/wp\/v2\/pages\/16297\/revisions\/16322"}],"up":[{"embeddable":true,"href":"https:\/\/cucciolieallevamenti.it\/index.php?rest_route=\/wp\/v2\/pages\/16075"}],"wp:attachment":[{"href":"https:\/\/cucciolieallevamenti.it\/index.php?rest_route=%2Fwp%2Fv2%2Fmedia&parent=16297"}],"curies":[{"name":"wp","href":"https:\/\/api.w.org\/{rel}","templated":true}]}}