{"id":16239,"date":"2024-12-10T18:52:10","date_gmt":"2024-12-10T18:52:10","guid":{"rendered":"https:\/\/cucciolieallevamenti.it\/?page_id=16239"},"modified":"2024-12-11T13:56:40","modified_gmt":"2024-12-11T13:56:40","slug":"welsh-corgi-pembroke","status":"publish","type":"page","link":"https:\/\/cucciolieallevamenti.it\/?page_id=16239","title":{"rendered":"Welsh Corgi Pembroke"},"content":{"rendered":"\t\t<div data-elementor-type=\"wp-page\" data-elementor-id=\"16239\" class=\"elementor elementor-16239\" data-elementor-post-type=\"page\">\n\t\t\t\t<div class=\"elementor-element elementor-element-42bd1199 e-flex e-con-boxed e-con e-parent\" data-id=\"42bd1199\" data-element_type=\"container\" data-e-type=\"container\">\n\t\t\t\t\t<div class=\"e-con-inner\">\n\t\t\t\t\t<\/div>\n\t\t\t\t<\/div>\n\t\t<div class=\"elementor-element elementor-element-3d61cce1 e-flex e-con-boxed e-con e-parent\" data-id=\"3d61cce1\" data-element_type=\"container\" data-e-type=\"container\">\n\t\t\t\t\t<div class=\"e-con-inner\">\n\t\t\t\t<div class=\"elementor-element elementor-element-4bb4254d elementor-invisible elementor-widget elementor-widget-theme-post-title elementor-page-title elementor-widget-heading\" data-id=\"4bb4254d\" data-element_type=\"widget\" data-e-type=\"widget\" data-settings=\"{&quot;_animation&quot;:&quot;fadeIn&quot;,&quot;_animation_delay&quot;:300}\" data-widget_type=\"theme-post-title.default\">\n\t\t\t\t<div class=\"elementor-widget-container\">\n\t\t\t\t\t<h1 class=\"elementor-heading-title elementor-size-default\">Welsh Corgi Pembroke<\/h1>\t\t\t\t<\/div>\n\t\t\t\t<\/div>\n\t\t\t\t<div class=\"elementor-element elementor-element-4e7a6e8d elementor-skin-carousel elementor-arrows-yes elementor-pagination-type-bullets elementor-pagination-position-outside elementor-widget elementor-widget-media-carousel\" data-id=\"4e7a6e8d\" data-element_type=\"widget\" data-e-type=\"widget\" data-settings=\"{&quot;skin&quot;:&quot;carousel&quot;,&quot;effect&quot;:&quot;slide&quot;,&quot;show_arrows&quot;:&quot;yes&quot;,&quot;pagination&quot;:&quot;bullets&quot;,&quot;speed&quot;:500,&quot;autoplay&quot;:&quot;yes&quot;,&quot;autoplay_speed&quot;:5000,&quot;loop&quot;:&quot;yes&quot;,&quot;pause_on_hover&quot;:&quot;yes&quot;,&quot;pause_on_interaction&quot;:&quot;yes&quot;,&quot;space_between&quot;:{&quot;unit&quot;:&quot;px&quot;,&quot;size&quot;:10,&quot;sizes&quot;:[]},&quot;space_between_tablet&quot;:{&quot;unit&quot;:&quot;px&quot;,&quot;size&quot;:10,&quot;sizes&quot;:[]},&quot;space_between_mobile&quot;:{&quot;unit&quot;:&quot;px&quot;,&quot;size&quot;:10,&quot;sizes&quot;:[]}}\" data-widget_type=\"media-carousel.default\">\n\t\t\t\t<div class=\"elementor-widget-container\">\n\t\t\t\t\t\t\t\t\t<div class=\"elementor-swiper\">\n\t\t\t\t\t<div class=\"elementor-main-swiper swiper\" role=\"region\" aria-roledescription=\"carousel\" aria-label=\"Slides\">\n\t\t\t\t<div class=\"swiper-wrapper\">\n\t\t\t\t\t\t\t\t\t\t\t<div class=\"swiper-slide\" role=\"group\" aria-roledescription=\"slide\">\n\t\t\t\t\t\t\t\t\t<div class=\"elementor-carousel-image\" role=\"img\" aria-label=\"10\" style=\"background-image: url(&#039;https:\/\/cucciolieallevamenti.it\/wp-content\/uploads\/2024\/12\/10.jpeg&#039;)\">\n\n\t\t\t\n\t\t\t\t\t<\/div>\n\t\t\t\t\t\t\t\t<\/div>\n\t\t\t\t\t\t\t\t\t\t\t<div class=\"swiper-slide\" role=\"group\" aria-roledescription=\"slide\">\n\t\t\t\t\t\t\t\t\t<div class=\"elementor-carousel-image\" role=\"img\" aria-label=\"10\" style=\"background-image: url(&#039;https:\/\/cucciolieallevamenti.it\/wp-content\/uploads\/2024\/12\/10-1.jpeg&#039;)\">\n\n\t\t\t\n\t\t\t\t\t<\/div>\n\t\t\t\t\t\t\t\t<\/div>\n\t\t\t\t\t\t\t\t\t\t\t<div class=\"swiper-slide\" role=\"group\" aria-roledescription=\"slide\">\n\t\t\t\t\t\t\t\t\t<div class=\"elementor-carousel-image\" role=\"img\" aria-label=\"5\" style=\"background-image: url(&#039;https:\/\/cucciolieallevamenti.it\/wp-content\/uploads\/2024\/12\/5.jpeg&#039;)\">\n\n\t\t\t\n\t\t\t\t\t<\/div>\n\t\t\t\t\t\t\t\t<\/div>\n\t\t\t\t\t\t\t\t\t\t\t<div class=\"swiper-slide\" role=\"group\" aria-roledescription=\"slide\">\n\t\t\t\t\t\t\t\t\t<div class=\"elementor-carousel-image\" role=\"img\" aria-label=\"5\" style=\"background-image: url(&#039;https:\/\/cucciolieallevamenti.it\/wp-content\/uploads\/2024\/12\/5-1.jpeg&#039;)\">\n\n\t\t\t\n\t\t\t\t\t<\/div>\n\t\t\t\t\t\t\t\t<\/div>\n\t\t\t\t\t\t\t\t\t\t\t<div class=\"swiper-slide\" role=\"group\" aria-roledescription=\"slide\">\n\t\t\t\t\t\t\t\t\t<div class=\"elementor-carousel-image\" role=\"img\" aria-label=\"2\" style=\"background-image: url(&#039;https:\/\/cucciolieallevamenti.it\/wp-content\/uploads\/2024\/12\/2.jpeg&#039;)\">\n\n\t\t\t\n\t\t\t\t\t<\/div>\n\t\t\t\t\t\t\t\t<\/div>\n\t\t\t\t\t\t\t\t\t\t\t<div class=\"swiper-slide\" role=\"group\" aria-roledescription=\"slide\">\n\t\t\t\t\t\t\t\t\t<div class=\"elementor-carousel-image\" role=\"img\" aria-label=\"4\" style=\"background-image: url(&#039;https:\/\/cucciolieallevamenti.it\/wp-content\/uploads\/2024\/12\/4.jpeg&#039;)\">\n\n\t\t\t\n\t\t\t\t\t<\/div>\n\t\t\t\t\t\t\t\t<\/div>\n\t\t\t\t\t\t\t\t\t<\/div>\n\t\t\t\t\t\t\t\t\t\t\t\t\t\t\t<div class=\"elementor-swiper-button elementor-swiper-button-prev\" role=\"button\" tabindex=\"0\" aria-label=\"Precedente\">\n\t\t\t\t\t\t\t<svg aria-hidden=\"true\" class=\"e-font-icon-svg e-eicon-chevron-left\" viewBox=\"0 0 1000 1000\" xmlns=\"http:\/\/www.w3.org\/2000\/svg\"><path d=\"M646 125C629 125 613 133 604 142L308 442C296 454 292 471 292 487 292 504 296 521 308 533L604 854C617 867 629 875 646 875 663 875 679 871 692 858 704 846 713 829 713 812 713 796 708 779 692 767L438 487 692 225C700 217 708 204 708 187 708 171 704 154 692 142 675 129 663 125 646 125Z\"><\/path><\/svg>\t\t\t\t\t\t<\/div>\n\t\t\t\t\t\t<div class=\"elementor-swiper-button elementor-swiper-button-next\" role=\"button\" tabindex=\"0\" aria-label=\"Successivo\">\n\t\t\t\t\t\t\t<svg aria-hidden=\"true\" class=\"e-font-icon-svg e-eicon-chevron-right\" viewBox=\"0 0 1000 1000\" xmlns=\"http:\/\/www.w3.org\/2000\/svg\"><path d=\"M696 533C708 521 713 504 713 487 713 471 708 454 696 446L400 146C388 133 375 125 354 125 338 125 325 129 313 142 300 154 292 171 292 187 292 204 296 221 308 233L563 492 304 771C292 783 288 800 288 817 288 833 296 850 308 863 321 871 338 875 354 875 371 875 388 867 400 854L696 533Z\"><\/path><\/svg>\t\t\t\t\t\t<\/div>\n\t\t\t\t\t\t\t\t\t\t\t\t\t\t\t\t<div class=\"swiper-pagination\"><\/div>\n\t\t\t\t\t\t\t\t\t\t\t\t<\/div>\n\t\t\t\t<\/div>\n\t\t\t\t\t\t\t\t<\/div>\n\t\t\t\t<\/div>\n\t\t<div class=\"elementor-element elementor-element-6ebd22a4 e-con-full e-flex e-con e-child\" data-id=\"6ebd22a4\" data-element_type=\"container\" data-e-type=\"container\">\n\t\t\t\t<div class=\"elementor-element elementor-element-573eacaa elementor-widget elementor-widget-heading\" data-id=\"573eacaa\" data-element_type=\"widget\" data-e-type=\"widget\" data-widget_type=\"heading.default\">\n\t\t\t\t<div class=\"elementor-widget-container\">\n\t\t\t\t\t<h5 class=\"elementor-heading-title elementor-size-default\">Origine<\/h5>\t\t\t\t<\/div>\n\t\t\t\t<\/div>\n\t\t\t\t<div class=\"elementor-element elementor-element-e3dcdfb elementor-widget elementor-widget-text-editor\" data-id=\"e3dcdfb\" data-element_type=\"widget\" data-e-type=\"widget\" data-widget_type=\"text-editor.default\">\n\t\t\t\t<div class=\"elementor-widget-container\">\n\t\t\t\t\t\t\t\t\t<p>Gran Bretagna<\/p>\t\t\t\t\t\t\t\t<\/div>\n\t\t\t\t<\/div>\n\t\t\t\t<div class=\"elementor-element elementor-element-b4a265f elementor-widget elementor-widget-heading\" data-id=\"b4a265f\" data-element_type=\"widget\" data-e-type=\"widget\" data-widget_type=\"heading.default\">\n\t\t\t\t<div class=\"elementor-widget-container\">\n\t\t\t\t\t<h5 class=\"elementor-heading-title elementor-size-default\">Utilizzo<\/h5>\t\t\t\t<\/div>\n\t\t\t\t<\/div>\n\t\t\t\t<div class=\"elementor-element elementor-element-66097ae1 elementor-widget elementor-widget-text-editor\" data-id=\"66097ae1\" data-element_type=\"widget\" data-e-type=\"widget\" data-widget_type=\"text-editor.default\">\n\t\t\t\t<div class=\"elementor-widget-container\">\n\t\t\t\t\t\t\t\t\t<p>Cane da pastore<\/p>\t\t\t\t\t\t\t\t<\/div>\n\t\t\t\t<\/div>\n\t\t\t\t<div class=\"elementor-element elementor-element-62e1669d elementor-widget elementor-widget-heading\" data-id=\"62e1669d\" data-element_type=\"widget\" data-e-type=\"widget\" data-widget_type=\"heading.default\">\n\t\t\t\t<div class=\"elementor-widget-container\">\n\t\t\t\t\t<h5 class=\"elementor-heading-title elementor-size-default\">Comportamento \/ Carattere<\/h5>\t\t\t\t<\/div>\n\t\t\t\t<\/div>\n\t\t\t\t<div class=\"elementor-element elementor-element-16e0ffb3 elementor-widget elementor-widget-text-editor\" data-id=\"16e0ffb3\" data-element_type=\"widget\" data-e-type=\"widget\" data-widget_type=\"text-editor.default\">\n\t\t\t\t<div class=\"elementor-widget-container\">\n\t\t\t\t\t\t\t\t\t<p>Dall\u2019aspetto baldanzoso, lavoratore. Estroverso ed amichevole, mai nervoso o aggressivo, il Welsh Corgi Pembroke \u00e8 un vivace, curioso ed intelligentissimo piccolo cane, con una caratteristica testa da\u00a0volpe, zampe molto corte e con o senza coda. L&#8217;aggettivo &#8220;piccolo&#8221; va riferito solo alla sua taglia, poich\u00e9 il carattere \u00e8 quello di un cane pi\u00f9 grande e da lavoro. Sono cani nati come cani da pastore e mandriani, ma vengono impiegati anche nella caccia e nella guardia.<br \/>Il Corgi si adatta facilmente sia alla vita di citt\u00e0 sia a quella di campagna. Sono degli eccellenti cani da compagnia adattissimi per stare sempre in famiglia molto educati, intelligenti e sensibili.<br \/>Le sue dimensioni ne fanno un compagno ideale per la vita in casa o in appartamento. Non necessita di attivit\u00e0 fisica particolarmente intensa, anche se \u00e8 piuttosto difficile stancarlo. Sono alcuni dei cani pi\u00f9 adatti per i bambini.<br \/>Il suo pelo corto richiede pochissime cure, pur rappresentando un&#8217;ottima protezione contro il freddo e l&#8217;umido, in quanto dotato di un fitto sottopelo.<\/p>\t\t\t\t\t\t\t\t<\/div>\n\t\t\t\t<\/div>\n\t\t\t\t<div class=\"elementor-element elementor-element-310b18a7 elementor-widget elementor-widget-heading\" data-id=\"310b18a7\" data-element_type=\"widget\" data-e-type=\"widget\" data-widget_type=\"heading.default\">\n\t\t\t\t<div class=\"elementor-widget-container\">\n\t\t\t\t\t<h5 class=\"elementor-heading-title elementor-size-default\">Brevi cenni storici<\/h5>\t\t\t\t<\/div>\n\t\t\t\t<\/div>\n\t\t\t\t<div class=\"elementor-element elementor-element-12802850 elementor-widget elementor-widget-text-editor\" data-id=\"12802850\" data-element_type=\"widget\" data-e-type=\"widget\" data-widget_type=\"text-editor.default\">\n\t\t\t\t<div class=\"elementor-widget-container\">\n\t\t\t\t\t\t\t\t\t<p>Non \u00e8 noto come e quando questa razza sia stata introdotta nell&#8217;arcipelago britannico: alcuni sostengono che il Corgi Pembroke, che presenta aspetti simili al v\u00e4stg\u00f6taspets, razza svedese di cane da pastore, sia stato importato dai Vichinghi. Secondo altri, invece, l&#8217;origine del Corgi \u00e8 autoctona, poich\u00e9 in Gran Bretagna si \u00e8 trovata notizia in documenti storici del X secolo di un &#8220;currey&#8221; o &#8220;cur dog&#8221;, vocabolo che significa appunto cane da lavoro e il cui suono \u00e8 molto simile alla pronuncia gallese del termine &#8220;Corgi&#8221;.<br \/>La zona di origine e di maggior diffusione della razza resta comunque il\u00a0Pembrokeshire\u00a0nel\u00a0Galles, tanto che questa vi sia arrivata per mare al seguito dei navigatori nordici, quanto sia il frutto dell&#8217;evoluzione dei soggetti presenti nella regione al tempo dei primi insediamenti umani.<br \/>Il nome gallese del pembroke \u00e8 &#8220;ci sodli&#8221;, che significa garretto, per indicare la caratteristica abitudine di mordere i garretti alle mucche. Nelle fattorie gallesi il Corgi svolgeva il compito di cane da pastore guidando la mandria al pascolo, sorvegliandola di notte, riconducendo i soggetti che se ne erano allontanati; durante il trasferimento del bestiame al mercato lo accompagnava lungo il percorso pronto a difenderlo dai numerosi pericoli frequenti nelle zone selvagge. Il suo aspetto in quei tempi era senza dubbio piuttosto diverso da quello che possiamo osservare oggi. Variava nel tipo e nella taglia e aveva pelo ruvido, ma possedeva lo stesso temperamento attuale. La caratteristica di mordere i garretti era utile nella guida dei bovini, ma si rivelava un grave errore se applicata alle pecore. Nel 1880 i pastori del Cardiganshire (oggi Ceredigion), per ovviare a questo problema, pensarono di incrociare il Corgi con il Welsh Collie, altra razza da pastore utilizzata nel Galles: da questo incrocio si ritiene abbia avuto origine la variet\u00e0 Cardigan che conserva, tra le sue caratteristiche, il mantello blue merle comune appunto a tutte le variet\u00e0 della razza collie.<br \/>Il Corgi, nonostante le sue doti e le sue capacit\u00e0 non comuni, sarebbe rimasto un cane da fattoria se nel 1933, l&#8217;allora duca di York, poi re Giorgio VI, non avesse acquistato un cucciolo di questa razza, Rozavel Golden Eagle, per regalarlo alla figlia Elisabetta (poi diventata regina Elisabetta II). Il cane venne ribattezzato Susan e conquist\u00f2 immediatamente il cuore della famiglia reale. A questo primo soggetto se ne aggiunsero presto molti altri dando vita all&#8217;allevamento della famiglia reale conosciuto con l&#8217;affisso Windsor.<br \/>Da allora i Corgi sono divenuti per definizione &#8220;i cani della regina&#8221;, definizione entrata nell&#8217;uso corrente.<\/p>\t\t\t\t\t\t\t\t<\/div>\n\t\t\t\t<\/div>\n\t\t\t\t<div class=\"elementor-element elementor-element-2dadfa77 elementor-widget elementor-widget-heading\" data-id=\"2dadfa77\" data-element_type=\"widget\" data-e-type=\"widget\" data-widget_type=\"heading.default\">\n\t\t\t\t<div class=\"elementor-widget-container\">\n\t\t\t\t\t<h5 class=\"elementor-heading-title elementor-size-default\">Aspetto generale<\/h5>\t\t\t\t<\/div>\n\t\t\t\t<\/div>\n\t\t\t\t<div class=\"elementor-element elementor-element-452c4e44 elementor-widget elementor-widget-text-editor\" data-id=\"452c4e44\" data-element_type=\"widget\" data-e-type=\"widget\" data-widget_type=\"text-editor.default\">\n\t\t\t\t<div class=\"elementor-widget-container\">\n\t\t\t\t\t\t\t\t\t<p>Cane di piccola taglia, allungato e molto basso sugli arti, di costruzione vigorosa, pronto e attivo. Un po\u2019 pi\u00f9 piccolo, pi\u00f9 corto e meno pesante del Cardigan. L\u2019espressione del Corgi deve essere il pi\u00f9 possibile simile a quella di una volpe. Il cranio \u00e8 piuttosto largo e piatto tra le orecchie. Le orecchie sono pi\u00f9 grandi nel Cardigan che nel Pembroke. Nel maschio i testicoli devono avere forma normale ed essere ben discesi nello scroto. Aspetto ardito.<br \/>\u00a0<br \/>Tronco: di lunghezza media, con costole ben arrotondate; non troppo corto o alla terrier. Linea dorso-lombare diritta. Torace largo, profondo e ben disceso fra gli arti anteriori.<br \/>Testa e muso: deve essere simile a quella di una volpe per forma e apparenza. Il cranio \u00e8 abbastanza largo e piatto fra le orecchie, assottigliatesi verso gli occhi al disopra dei quali deve essere leggermente a cupola. Muso lungo circa cm 7,5 o nella proporzione di 3 a 5 rispetto alla lunghezza del cranio ed affilatesi verso la punta.<br \/>Tartufo: nero.<br \/>Denti: denti combacianti o con la parte interna dei denti superiori sfiorante la parte esterna dei denti inferiori (a forbice).<br \/>Collo: piuttosto lungo.<br \/>Orecchie: ben attaccate, diritte, di grandezza media, leggermente appuntite.<br \/>Occhi: ben piazzati, rotondi, di grandezza media, di colore nocciola in armonia on il colore del mantello.<br \/>Arti: anteriori corti e il pi\u00f9 diritti possibile. Ossatura forte ed in appiombo sui piedi. Gomiti ben aderenti, n\u00e9 scollati n\u00e9 legati. Posteriore forte e flesso, leggermente affusolato; arti corti; i garretti, visti da dietro, devono essere diritti. Piedi di forma ovale. Cuscinetti plantari robusti e ben arrotondati; unghie corte.<br \/>Spalla: ben inclinata, ben muscolosa.<br \/>Andatura: i movimenti devono essere sciolti e attivi, con gomiti ben aderenti.<br \/>Muscolatura: di notevole sviluppo.<br \/>Coda: corta, preferibilmente naturale.<\/p>\t\t\t\t\t\t\t\t<\/div>\n\t\t\t\t<\/div>\n\t\t\t\t<div class=\"elementor-element elementor-element-3eb039f1 elementor-widget elementor-widget-heading\" data-id=\"3eb039f1\" data-element_type=\"widget\" data-e-type=\"widget\" data-widget_type=\"heading.default\">\n\t\t\t\t<div class=\"elementor-widget-container\">\n\t\t\t\t\t<h5 class=\"elementor-heading-title elementor-size-default\">Taglia<\/h5>\t\t\t\t<\/div>\n\t\t\t\t<\/div>\n\t\t\t\t<div class=\"elementor-element elementor-element-6f919597 elementor-widget elementor-widget-text-editor\" data-id=\"6f919597\" data-element_type=\"widget\" data-e-type=\"widget\" data-widget_type=\"text-editor.default\">\n\t\t\t\t<div class=\"elementor-widget-container\">\n\t\t\t\t\t\t\t\t\t<p>Altezza:\u00a0\u00a0dai 25 ai 30 cm al garrese.\u00a0<br \/>Peso: Maschi\u00a0da 8 a 11 kg\u00a0&#8211; Femmine\u00a0da 8 a 10 kg.<\/p>\t\t\t\t\t\t\t\t<\/div>\n\t\t\t\t<\/div>\n\t\t\t\t<div class=\"elementor-element elementor-element-1bbbe7fb elementor-widget elementor-widget-heading\" data-id=\"1bbbe7fb\" data-element_type=\"widget\" data-e-type=\"widget\" data-widget_type=\"heading.default\">\n\t\t\t\t<div class=\"elementor-widget-container\">\n\t\t\t\t\t<h5 class=\"elementor-heading-title elementor-size-default\">Mantello \/ Pelo \/Colore<\/h5>\t\t\t\t<\/div>\n\t\t\t\t<\/div>\n\t\t\t\t<div class=\"elementor-element elementor-element-2f120290 elementor-widget elementor-widget-text-editor\" data-id=\"2f120290\" data-element_type=\"widget\" data-e-type=\"widget\" data-widget_type=\"text-editor.default\">\n\t\t\t\t<div class=\"elementor-widget-container\">\n\t\t\t\t\t\t\t\t\t<p>Il suo pelo di media lunghezza richiede pochissime cure, pur rappresentando un&#8217;ottima protezione contro il freddo e l&#8217;umido, in quanto dotato di un fitto sottopelo.<\/p><p>Colori ammessi:\u00a0rosso unicolore, sabbia, fulvo, nero focato o con del bianco sulle zampe, petto e collo. \u00c8 tollerato un po\u2019 di bianco sulla testa e sul muso.<\/p>\t\t\t\t\t\t\t\t<\/div>\n\t\t\t\t<\/div>\n\t\t\t\t<\/div>\n\t\t\t\t\t<\/div>\n\t\t\t\t<\/div>\n\t\t<div class=\"elementor-element elementor-element-535dffb7 e-flex e-con-boxed e-con e-parent\" data-id=\"535dffb7\" data-element_type=\"container\" data-e-type=\"container\">\n\t\t\t\t\t<div class=\"e-con-inner\">\n\t\t<div class=\"elementor-element elementor-element-46c91f8d e-con-full e-flex e-con e-child\" data-id=\"46c91f8d\" data-element_type=\"container\" data-e-type=\"container\">\n\t\t\t\t<div class=\"elementor-element elementor-element-77ba5f3a elementor-widget elementor-widget-heading\" data-id=\"77ba5f3a\" data-element_type=\"widget\" data-e-type=\"widget\" data-widget_type=\"heading.default\">\n\t\t\t\t<div class=\"elementor-widget-container\">\n\t\t\t\t\t<h5 class=\"elementor-heading-title elementor-size-default\">Disponibilit\u00e0<\/h5>\t\t\t\t<\/div>\n\t\t\t\t<\/div>\n\t\t\t\t<div class=\"elementor-element elementor-element-31b76dd2 elementor-widget elementor-widget-text-editor\" data-id=\"31b76dd2\" data-element_type=\"widget\" data-e-type=\"widget\" data-widget_type=\"text-editor.default\">\n\t\t\t\t<div class=\"elementor-widget-container\">\n\t\t\t\t\t\t\t\t\t<p>Per conoscere le disponibilit\u00e0 attuali dei nostri cuccioli, non esitate a contattarci direttamente.<br \/>Saremo felici di fornirvi tutte le informazioni di cui avete bisogno!<\/p>\t\t\t\t\t\t\t\t<\/div>\n\t\t\t\t<\/div>\n\t\t\t\t<\/div>\n\t\t\t\t\t<\/div>\n\t\t\t\t<\/div>\n\t\t\t\t<\/div>\n\t\t","protected":false},"excerpt":{"rendered":"<p>Precedente Successivo Origine Gran Bretagna Utilizzo Cane da pastore Comportamento \/ Carattere Dall\u2019aspetto baldanzoso, lavoratore. Estroverso ed amichevole, mai nervoso o aggressivo, il Welsh Corgi Pembroke \u00e8 un vivace, curioso ed intelligentissimo piccolo cane, con una caratteristica testa da\u00a0volpe, zampe molto corte e con o senza coda. L&#8217;aggettivo &#8220;piccolo&#8221; va riferito solo alla sua taglia, [&hellip;]<\/p>\n","protected":false},"author":2,"featured_media":0,"parent":16075,"menu_order":0,"comment_status":"closed","ping_status":"closed","template":"","meta":{"footnotes":""},"class_list":["post-16239","page","type-page","status-publish","hentry"],"_links":{"self":[{"href":"https:\/\/cucciolieallevamenti.it\/index.php?rest_route=\/wp\/v2\/pages\/16239","targetHints":{"allow":["GET"]}}],"collection":[{"href":"https:\/\/cucciolieallevamenti.it\/index.php?rest_route=\/wp\/v2\/pages"}],"about":[{"href":"https:\/\/cucciolieallevamenti.it\/index.php?rest_route=\/wp\/v2\/types\/page"}],"author":[{"embeddable":true,"href":"https:\/\/cucciolieallevamenti.it\/index.php?rest_route=\/wp\/v2\/users\/2"}],"replies":[{"embeddable":true,"href":"https:\/\/cucciolieallevamenti.it\/index.php?rest_route=%2Fwp%2Fv2%2Fcomments&post=16239"}],"version-history":[{"count":5,"href":"https:\/\/cucciolieallevamenti.it\/index.php?rest_route=\/wp\/v2\/pages\/16239\/revisions"}],"predecessor-version":[{"id":16256,"href":"https:\/\/cucciolieallevamenti.it\/index.php?rest_route=\/wp\/v2\/pages\/16239\/revisions\/16256"}],"up":[{"embeddable":true,"href":"https:\/\/cucciolieallevamenti.it\/index.php?rest_route=\/wp\/v2\/pages\/16075"}],"wp:attachment":[{"href":"https:\/\/cucciolieallevamenti.it\/index.php?rest_route=%2Fwp%2Fv2%2Fmedia&parent=16239"}],"curies":[{"name":"wp","href":"https:\/\/api.w.org\/{rel}","templated":true}]}}