{"id":16222,"date":"2024-12-10T17:56:10","date_gmt":"2024-12-10T17:56:10","guid":{"rendered":"https:\/\/cucciolieallevamenti.it\/?page_id=16222"},"modified":"2024-12-11T17:05:42","modified_gmt":"2024-12-11T17:05:42","slug":"chihuahua","status":"publish","type":"page","link":"https:\/\/cucciolieallevamenti.it\/?page_id=16222","title":{"rendered":"Chihuahua"},"content":{"rendered":"\t\t<div data-elementor-type=\"wp-page\" data-elementor-id=\"16222\" class=\"elementor elementor-16222\" data-elementor-post-type=\"page\">\n\t\t\t\t<div class=\"elementor-element elementor-element-6b31e277 e-flex e-con-boxed e-con e-parent\" data-id=\"6b31e277\" data-element_type=\"container\" data-e-type=\"container\">\n\t\t\t\t\t<div class=\"e-con-inner\">\n\t\t\t\t\t<\/div>\n\t\t\t\t<\/div>\n\t\t<div class=\"elementor-element elementor-element-30812ea8 e-flex e-con-boxed e-con e-parent\" data-id=\"30812ea8\" data-element_type=\"container\" data-e-type=\"container\">\n\t\t\t\t\t<div class=\"e-con-inner\">\n\t\t\t\t<div class=\"elementor-element elementor-element-6570855e elementor-invisible elementor-widget elementor-widget-theme-post-title elementor-page-title elementor-widget-heading\" data-id=\"6570855e\" data-element_type=\"widget\" data-e-type=\"widget\" data-settings=\"{&quot;_animation&quot;:&quot;fadeIn&quot;,&quot;_animation_delay&quot;:300}\" data-widget_type=\"theme-post-title.default\">\n\t\t\t\t<div class=\"elementor-widget-container\">\n\t\t\t\t\t<h1 class=\"elementor-heading-title elementor-size-default\">Chihuahua<\/h1>\t\t\t\t<\/div>\n\t\t\t\t<\/div>\n\t\t\t\t<div class=\"elementor-element elementor-element-16f456f3 elementor-skin-carousel elementor-arrows-yes elementor-pagination-type-bullets elementor-pagination-position-outside elementor-widget elementor-widget-media-carousel\" data-id=\"16f456f3\" data-element_type=\"widget\" data-e-type=\"widget\" data-settings=\"{&quot;skin&quot;:&quot;carousel&quot;,&quot;effect&quot;:&quot;slide&quot;,&quot;show_arrows&quot;:&quot;yes&quot;,&quot;pagination&quot;:&quot;bullets&quot;,&quot;speed&quot;:500,&quot;autoplay&quot;:&quot;yes&quot;,&quot;autoplay_speed&quot;:5000,&quot;loop&quot;:&quot;yes&quot;,&quot;pause_on_hover&quot;:&quot;yes&quot;,&quot;pause_on_interaction&quot;:&quot;yes&quot;,&quot;space_between&quot;:{&quot;unit&quot;:&quot;px&quot;,&quot;size&quot;:10,&quot;sizes&quot;:[]},&quot;space_between_tablet&quot;:{&quot;unit&quot;:&quot;px&quot;,&quot;size&quot;:10,&quot;sizes&quot;:[]},&quot;space_between_mobile&quot;:{&quot;unit&quot;:&quot;px&quot;,&quot;size&quot;:10,&quot;sizes&quot;:[]}}\" data-widget_type=\"media-carousel.default\">\n\t\t\t\t<div class=\"elementor-widget-container\">\n\t\t\t\t\t\t\t\t\t<div class=\"elementor-swiper\">\n\t\t\t\t\t<div class=\"elementor-main-swiper swiper\" role=\"region\" aria-roledescription=\"carousel\" aria-label=\"Slides\">\n\t\t\t\t<div class=\"swiper-wrapper\">\n\t\t\t\t\t\t\t\t\t\t\t<div class=\"swiper-slide\" role=\"group\" aria-roledescription=\"slide\">\n\t\t\t\t\t\t\t\t\t<div class=\"elementor-carousel-image\" role=\"img\" aria-label=\"DSC_0057\" style=\"background-image: url(&#039;https:\/\/cucciolieallevamenti.it\/wp-content\/uploads\/2024\/12\/DSC_0057.jpg&#039;)\">\n\n\t\t\t\n\t\t\t\t\t<\/div>\n\t\t\t\t\t\t\t\t<\/div>\n\t\t\t\t\t\t\t\t\t\t\t<div class=\"swiper-slide\" role=\"group\" aria-roledescription=\"slide\">\n\t\t\t\t\t\t\t\t\t<div class=\"elementor-carousel-image\" role=\"img\" aria-label=\"2\" style=\"background-image: url(&#039;https:\/\/cucciolieallevamenti.it\/wp-content\/uploads\/2024\/12\/2-1.jpg&#039;)\">\n\n\t\t\t\n\t\t\t\t\t<\/div>\n\t\t\t\t\t\t\t\t<\/div>\n\t\t\t\t\t\t\t\t\t\t\t<div class=\"swiper-slide\" role=\"group\" aria-roledescription=\"slide\">\n\t\t\t\t\t\t\t\t\t<div class=\"elementor-carousel-image\" role=\"img\" aria-label=\"DSC_0339\" style=\"background-image: url(&#039;https:\/\/cucciolieallevamenti.it\/wp-content\/uploads\/2024\/12\/DSC_0339.jpg&#039;)\">\n\n\t\t\t\n\t\t\t\t\t<\/div>\n\t\t\t\t\t\t\t\t<\/div>\n\t\t\t\t\t\t\t\t\t\t\t<div class=\"swiper-slide\" role=\"group\" aria-roledescription=\"slide\">\n\t\t\t\t\t\t\t\t\t<div class=\"elementor-carousel-image\" role=\"img\" aria-label=\"DSC_0328\" style=\"background-image: url(&#039;https:\/\/cucciolieallevamenti.it\/wp-content\/uploads\/2024\/12\/DSC_0328.jpg&#039;)\">\n\n\t\t\t\n\t\t\t\t\t<\/div>\n\t\t\t\t\t\t\t\t<\/div>\n\t\t\t\t\t\t\t\t\t\t\t<div class=\"swiper-slide\" role=\"group\" aria-roledescription=\"slide\">\n\t\t\t\t\t\t\t\t\t<div class=\"elementor-carousel-image\" role=\"img\" aria-label=\"DSC_0193\" style=\"background-image: url(&#039;https:\/\/cucciolieallevamenti.it\/wp-content\/uploads\/2024\/12\/DSC_0193.jpg&#039;)\">\n\n\t\t\t\n\t\t\t\t\t<\/div>\n\t\t\t\t\t\t\t\t<\/div>\n\t\t\t\t\t\t\t\t\t\t\t<div class=\"swiper-slide\" role=\"group\" aria-roledescription=\"slide\">\n\t\t\t\t\t\t\t\t\t<div class=\"elementor-carousel-image\" role=\"img\" aria-label=\"DSC_0181\" style=\"background-image: url(&#039;https:\/\/cucciolieallevamenti.it\/wp-content\/uploads\/2024\/12\/DSC_0181.jpg&#039;)\">\n\n\t\t\t\n\t\t\t\t\t<\/div>\n\t\t\t\t\t\t\t\t<\/div>\n\t\t\t\t\t\t\t\t\t<\/div>\n\t\t\t\t\t\t\t\t\t\t\t\t\t\t\t<div class=\"elementor-swiper-button elementor-swiper-button-prev\" role=\"button\" tabindex=\"0\" aria-label=\"Precedente\">\n\t\t\t\t\t\t\t<svg aria-hidden=\"true\" class=\"e-font-icon-svg e-eicon-chevron-left\" viewBox=\"0 0 1000 1000\" xmlns=\"http:\/\/www.w3.org\/2000\/svg\"><path d=\"M646 125C629 125 613 133 604 142L308 442C296 454 292 471 292 487 292 504 296 521 308 533L604 854C617 867 629 875 646 875 663 875 679 871 692 858 704 846 713 829 713 812 713 796 708 779 692 767L438 487 692 225C700 217 708 204 708 187 708 171 704 154 692 142 675 129 663 125 646 125Z\"><\/path><\/svg>\t\t\t\t\t\t<\/div>\n\t\t\t\t\t\t<div class=\"elementor-swiper-button elementor-swiper-button-next\" role=\"button\" tabindex=\"0\" aria-label=\"Successivo\">\n\t\t\t\t\t\t\t<svg aria-hidden=\"true\" class=\"e-font-icon-svg e-eicon-chevron-right\" viewBox=\"0 0 1000 1000\" xmlns=\"http:\/\/www.w3.org\/2000\/svg\"><path d=\"M696 533C708 521 713 504 713 487 713 471 708 454 696 446L400 146C388 133 375 125 354 125 338 125 325 129 313 142 300 154 292 171 292 187 292 204 296 221 308 233L563 492 304 771C292 783 288 800 288 817 288 833 296 850 308 863 321 871 338 875 354 875 371 875 388 867 400 854L696 533Z\"><\/path><\/svg>\t\t\t\t\t\t<\/div>\n\t\t\t\t\t\t\t\t\t\t\t\t\t\t\t\t<div class=\"swiper-pagination\"><\/div>\n\t\t\t\t\t\t\t\t\t\t\t\t<\/div>\n\t\t\t\t<\/div>\n\t\t\t\t\t\t\t\t<\/div>\n\t\t\t\t<\/div>\n\t\t<div class=\"elementor-element elementor-element-65b5448d e-con-full e-flex e-con e-child\" data-id=\"65b5448d\" data-element_type=\"container\" data-e-type=\"container\">\n\t\t\t\t<div class=\"elementor-element elementor-element-74edccb8 elementor-widget elementor-widget-heading\" data-id=\"74edccb8\" data-element_type=\"widget\" data-e-type=\"widget\" data-widget_type=\"heading.default\">\n\t\t\t\t<div class=\"elementor-widget-container\">\n\t\t\t\t\t<h5 class=\"elementor-heading-title elementor-size-default\">Origine<\/h5>\t\t\t\t<\/div>\n\t\t\t\t<\/div>\n\t\t\t\t<div class=\"elementor-element elementor-element-43f41f60 elementor-widget elementor-widget-text-editor\" data-id=\"43f41f60\" data-element_type=\"widget\" data-e-type=\"widget\" data-widget_type=\"text-editor.default\">\n\t\t\t\t<div class=\"elementor-widget-container\">\n\t\t\t\t\t\t\t\t\t<p>Messico<\/p>\t\t\t\t\t\t\t\t<\/div>\n\t\t\t\t<\/div>\n\t\t\t\t<div class=\"elementor-element elementor-element-973fde6 elementor-widget elementor-widget-heading\" data-id=\"973fde6\" data-element_type=\"widget\" data-e-type=\"widget\" data-widget_type=\"heading.default\">\n\t\t\t\t<div class=\"elementor-widget-container\">\n\t\t\t\t\t<h5 class=\"elementor-heading-title elementor-size-default\">Utilizzo<\/h5>\t\t\t\t<\/div>\n\t\t\t\t<\/div>\n\t\t\t\t<div class=\"elementor-element elementor-element-1a830c64 elementor-widget elementor-widget-text-editor\" data-id=\"1a830c64\" data-element_type=\"widget\" data-e-type=\"widget\" data-widget_type=\"text-editor.default\">\n\t\t\t\t<div class=\"elementor-widget-container\">\n\t\t\t\t\t\t\t\t\t<p>Cane da Compagnia<\/p>\t\t\t\t\t\t\t\t<\/div>\n\t\t\t\t<\/div>\n\t\t\t\t<div class=\"elementor-element elementor-element-3751cb8c elementor-widget elementor-widget-heading\" data-id=\"3751cb8c\" data-element_type=\"widget\" data-e-type=\"widget\" data-widget_type=\"heading.default\">\n\t\t\t\t<div class=\"elementor-widget-container\">\n\t\t\t\t\t<h5 class=\"elementor-heading-title elementor-size-default\">Comportamento \/ Carattere<\/h5>\t\t\t\t<\/div>\n\t\t\t\t<\/div>\n\t\t\t\t<div class=\"elementor-element elementor-element-5c9e02be elementor-widget elementor-widget-text-editor\" data-id=\"5c9e02be\" data-element_type=\"widget\" data-e-type=\"widget\" data-widget_type=\"text-editor.default\">\n\t\t\t\t<div class=\"elementor-widget-container\">\n\t\t\t\t\t\t\t\t\t<p>Il Chihuahua \u00e8 svelto, sveglio, vivace e molto coraggioso, diversamente da quanto si possa pensare guardando le sue piccole dimensioni, non \u00e8 un cane debole al contrario \u00e8 estremamente coraggioso, iperattivo, geloso delle sue cose e fortemente determinato. Presenta la caratteristica di essere vivace e incline al gioco, ma allo stesso tempo sa essere un ottimo cane da compagnia ma la sua tenacia fa di lui un ottimo guardiano.<br \/>L&#8217;indole del Chihuahua \u00e8 certamente molto dolce ed affettuosa, infatti il Chihuahua riesce a stabilire un rapporto molto intenso con il padrone, sensibile, abitudinario ed attento, studia il proprio padrone continuamente e mette in atto vari stratagemmi per cercare di farsi viziare. \u00c8 una razza che ama stare in compagnia di persone e gradisce molto anche la convivenza con altri cani.<br \/>Il Chihuahua \u00e8 un cane facile da addestrare e facile da gestire, generalmente un cane calmo e pacato se non disturbato, ma risente molto dello stato d&#8217;animo degli esseri umani con cui vive e dell\u2019ambiente. Individui che abbaiano molto e ringhiano sono caratterialmente prepotenti, dominanti e iperprotettivi nei confronti di chi ne possiede uno. Questo tipo di comportamento \u00e8 solitamente conseguenza di una cattiva gestione da parte del proprietario che ha consentito al proprio cane di credere di essere a \u201ccomandare\u201d nella famiglia con cui vive. Il chihuahua \u00e8 un cane che, sin da cucciolo, va abituato a capire che le attenzioni le otterr\u00e0 solo su decisione del proprio padrone, e non a richiesta (questo in realt\u00e0 vale per tutti i cani, ma questo \u00e8 un altro discorso, pi\u00f9 educativo che di razza). Questo modo di approcciarsi al proprio chihuahua sin da quando ha due mesi di et\u00e0 lo render\u00e0 un cane sereno, equilibrato, socievole e non aggressivo.<br \/>anche se di piccola taglia il Chihuahua, ha bisogno di molto esercizio fisico. Vive con i bambini, per\u00f2 deve essere rispettato e trattato con attenzione, non come un giocattolo; cadute dal grembo di una persona possono causare gravi conseguenze alla salute del cagnolino viste e considerate le sue piccole dimensioni.<\/p>\t\t\t\t\t\t\t\t<\/div>\n\t\t\t\t<\/div>\n\t\t\t\t<div class=\"elementor-element elementor-element-1ed124a9 elementor-widget elementor-widget-heading\" data-id=\"1ed124a9\" data-element_type=\"widget\" data-e-type=\"widget\" data-widget_type=\"heading.default\">\n\t\t\t\t<div class=\"elementor-widget-container\">\n\t\t\t\t\t<h5 class=\"elementor-heading-title elementor-size-default\">Brevi cenni storici<\/h5>\t\t\t\t<\/div>\n\t\t\t\t<\/div>\n\t\t\t\t<div class=\"elementor-element elementor-element-216a6324 elementor-widget elementor-widget-text-editor\" data-id=\"216a6324\" data-element_type=\"widget\" data-e-type=\"widget\" data-widget_type=\"text-editor.default\">\n\t\t\t\t<div class=\"elementor-widget-container\">\n\t\t\t\t\t\t\t\t\t<p>il Chihuahua \u00e8 considerato il pi\u00f9 piccolo cane di razza esistente al mondo e porta il nome dello stato piu\u0300 grande della Repubblica del Messico (Chihuahua). Si pensa che un tempo questo cane vivesse allo stato libero e che sia stato catturato e addomesticato dagli indigeni all\u2019epoca della civilizzazione tolteca. Alcune rappresentazioni di un piccolo cane chiamato \u201cTechichi\u201d che viveva nella regione di Tula, furono usate nella decorazione di elementi architettonici di questa citta\u0300. Queste statue assomigliano molto da vicino ai Chihuahua del giorno d\u2019oggi. <br \/>Il\u00a0Chihuahua\u00a0arriva da noi alla fine del 1800 facendo innamorare milioni di persone per la sua\u00a0vivacit\u00e0 e tenerezza.<\/p>\t\t\t\t\t\t\t\t<\/div>\n\t\t\t\t<\/div>\n\t\t\t\t<div class=\"elementor-element elementor-element-420e0717 elementor-widget elementor-widget-heading\" data-id=\"420e0717\" data-element_type=\"widget\" data-e-type=\"widget\" data-widget_type=\"heading.default\">\n\t\t\t\t<div class=\"elementor-widget-container\">\n\t\t\t\t\t<h5 class=\"elementor-heading-title elementor-size-default\">Aspetto generale<\/h5>\t\t\t\t<\/div>\n\t\t\t\t<\/div>\n\t\t\t\t<div class=\"elementor-element elementor-element-fddb7e elementor-widget elementor-widget-text-editor\" data-id=\"fddb7e\" data-element_type=\"widget\" data-e-type=\"widget\" data-widget_type=\"text-editor.default\">\n\t\t\t\t<div class=\"elementor-widget-container\">\n\t\t\t\t\t\t\t\t\t<p>Il Chihuahua \u00e8 un cane dalla costruzione compatta. Di grande importanza e\u0300 il fatto che il suo cranio sia a forma di mela e che porti la sua coda, che e\u0300 moderatamente lunga, molto alta, sia ricurva che arrotondata a semicerchio con la punta diretta verso la regione lombare Il pelo della coda, secondo la varieta\u0300, e\u0300 in armonia col pelo del mantello. Nella varieta\u0300 a pelo lungo forma un pennacchio. La coda, a riposo, e\u0300 pendente e forma un leggero uncino.<br \/>Gli occhi sono un po\u2019\u00a0sporgenti, grandi e sempre scuri. La lunghezza del corpo e\u0300 leggermente superiore all\u2019altezza al garrese. Si desidera tuttavia un corpo quasi nel quadrato, specialmente nei maschi. Nelle femmine per la funzione riproduttiva, e\u0300 permesso un corpo leggermente piu\u0300 lungo.<\/p>\t\t\t\t\t\t\t\t<\/div>\n\t\t\t\t<\/div>\n\t\t\t\t<div class=\"elementor-element elementor-element-4a691657 elementor-widget elementor-widget-heading\" data-id=\"4a691657\" data-element_type=\"widget\" data-e-type=\"widget\" data-widget_type=\"heading.default\">\n\t\t\t\t<div class=\"elementor-widget-container\">\n\t\t\t\t\t<h5 class=\"elementor-heading-title elementor-size-default\">Taglia \/ Peso<\/h5>\t\t\t\t<\/div>\n\t\t\t\t<\/div>\n\t\t\t\t<div class=\"elementor-element elementor-element-3262b567 elementor-widget elementor-widget-text-editor\" data-id=\"3262b567\" data-element_type=\"widget\" data-e-type=\"widget\" data-widget_type=\"text-editor.default\">\n\t\t\t\t<div class=\"elementor-widget-container\">\n\t\t\t\t\t\t\t\t\t<p>Nella razza Chihuahua non si tiene conto della taglia, ma solo del peso.<br \/>Peso da consioderarsi tra il 1.5 Kg e 3 Kg.<br \/>Un peso tra 1,0 Kg. e 1,5 Kg e\u0300 tollerato<\/p>\t\t\t\t\t\t\t\t<\/div>\n\t\t\t\t<\/div>\n\t\t\t\t<div class=\"elementor-element elementor-element-f987b57 elementor-widget elementor-widget-heading\" data-id=\"f987b57\" data-element_type=\"widget\" data-e-type=\"widget\" data-widget_type=\"heading.default\">\n\t\t\t\t<div class=\"elementor-widget-container\">\n\t\t\t\t\t<h5 class=\"elementor-heading-title elementor-size-default\">Mantello \/ Pelo \/Colore<\/h5>\t\t\t\t<\/div>\n\t\t\t\t<\/div>\n\t\t\t\t<div class=\"elementor-element elementor-element-3673a212 elementor-widget elementor-widget-text-editor\" data-id=\"3673a212\" data-element_type=\"widget\" data-e-type=\"widget\" data-widget_type=\"text-editor.default\">\n\t\t\t\t<div class=\"elementor-widget-container\">\n\t\t\t\t\t\t\t\t\t<p>Nella razza Chihuahua ci sono due varieta\u0300 di pelo:<br \/><strong>Pelo Corto:<\/strong> il pelo e\u0300 corto e ben adagiato su tutto il corpo; in presenza di sottopelo, il pelo e\u0300 un po\u2019 piu\u0300 lungo; un pelo rado e\u0300 accettato alla gola e al ventre; e\u0300 leggermente piu\u0300 lungo sul collo e sulla coda, corto sul muso e gli orecchi. Il pelo e\u0300 lucido e la sua tessitura e\u0300 morbida. Cani senza pelo non sono ammessi. <\/p><p><strong>Pelo Lungo:<\/strong> il pelo deve essere fine e serico, liscio o leggermente ondulato; e\u0300 ricercato un sottopelo non troppo spesso; il pelo e\u0300 piu\u0300 lungo, formando frange, agli orecchi, collo, sulla parte posteriore degli arti anteriori e posteriori, sui piedi, e sulla coda. Cani con lungo pelo fluttuante non saranno accettati. <br \/><br \/>Nella Razza Chihuahua sono ammessi tutti i colori con tutte le possibili sfumature e combinazioni sono accettati, tranne il \u201cmerle\u201d.<\/p>\t\t\t\t\t\t\t\t<\/div>\n\t\t\t\t<\/div>\n\t\t\t\t<\/div>\n\t\t\t\t\t<\/div>\n\t\t\t\t<\/div>\n\t\t<div class=\"elementor-element elementor-element-1cdcf2c5 e-flex e-con-boxed e-con e-parent\" data-id=\"1cdcf2c5\" data-element_type=\"container\" data-e-type=\"container\">\n\t\t\t\t\t<div class=\"e-con-inner\">\n\t\t<div class=\"elementor-element elementor-element-6ee77ea5 e-con-full e-flex e-con e-child\" data-id=\"6ee77ea5\" data-element_type=\"container\" data-e-type=\"container\">\n\t\t\t\t<div class=\"elementor-element elementor-element-1963d71d elementor-widget elementor-widget-heading\" data-id=\"1963d71d\" data-element_type=\"widget\" data-e-type=\"widget\" data-widget_type=\"heading.default\">\n\t\t\t\t<div class=\"elementor-widget-container\">\n\t\t\t\t\t<h5 class=\"elementor-heading-title elementor-size-default\">Disponibilit\u00e0<\/h5>\t\t\t\t<\/div>\n\t\t\t\t<\/div>\n\t\t\t\t<div class=\"elementor-element elementor-element-17c25e21 elementor-widget elementor-widget-text-editor\" data-id=\"17c25e21\" data-element_type=\"widget\" data-e-type=\"widget\" data-widget_type=\"text-editor.default\">\n\t\t\t\t<div class=\"elementor-widget-container\">\n\t\t\t\t\t\t\t\t\t<p>Per conoscere le disponibilit\u00e0 attuali dei nostri cuccioli, non esitate a contattarci direttamente.<br \/>Saremo felici di fornirvi tutte le informazioni di cui avete bisogno!<\/p>\t\t\t\t\t\t\t\t<\/div>\n\t\t\t\t<\/div>\n\t\t\t\t<\/div>\n\t\t\t\t\t<\/div>\n\t\t\t\t<\/div>\n\t\t\t\t<\/div>\n\t\t","protected":false},"excerpt":{"rendered":"<p>Precedente Successivo Origine Messico Utilizzo Cane da Compagnia Comportamento \/ Carattere Il Chihuahua \u00e8 svelto, sveglio, vivace e molto coraggioso, diversamente da quanto si possa pensare guardando le sue piccole dimensioni, non \u00e8 un cane debole al contrario \u00e8 estremamente coraggioso, iperattivo, geloso delle sue cose e fortemente determinato. Presenta la caratteristica di essere vivace [&hellip;]<\/p>\n","protected":false},"author":2,"featured_media":0,"parent":16075,"menu_order":0,"comment_status":"closed","ping_status":"closed","template":"","meta":{"footnotes":""},"class_list":["post-16222","page","type-page","status-publish","hentry"],"_links":{"self":[{"href":"https:\/\/cucciolieallevamenti.it\/index.php?rest_route=\/wp\/v2\/pages\/16222","targetHints":{"allow":["GET"]}}],"collection":[{"href":"https:\/\/cucciolieallevamenti.it\/index.php?rest_route=\/wp\/v2\/pages"}],"about":[{"href":"https:\/\/cucciolieallevamenti.it\/index.php?rest_route=\/wp\/v2\/types\/page"}],"author":[{"embeddable":true,"href":"https:\/\/cucciolieallevamenti.it\/index.php?rest_route=\/wp\/v2\/users\/2"}],"replies":[{"embeddable":true,"href":"https:\/\/cucciolieallevamenti.it\/index.php?rest_route=%2Fwp%2Fv2%2Fcomments&post=16222"}],"version-history":[{"count":5,"href":"https:\/\/cucciolieallevamenti.it\/index.php?rest_route=\/wp\/v2\/pages\/16222\/revisions"}],"predecessor-version":[{"id":16341,"href":"https:\/\/cucciolieallevamenti.it\/index.php?rest_route=\/wp\/v2\/pages\/16222\/revisions\/16341"}],"up":[{"embeddable":true,"href":"https:\/\/cucciolieallevamenti.it\/index.php?rest_route=\/wp\/v2\/pages\/16075"}],"wp:attachment":[{"href":"https:\/\/cucciolieallevamenti.it\/index.php?rest_route=%2Fwp%2Fv2%2Fmedia&parent=16222"}],"curies":[{"name":"wp","href":"https:\/\/api.w.org\/{rel}","templated":true}]}}