{"id":16194,"date":"2024-12-10T17:30:30","date_gmt":"2024-12-10T17:30:30","guid":{"rendered":"https:\/\/cucciolieallevamenti.it\/?page_id=16194"},"modified":"2024-12-10T17:42:02","modified_gmt":"2024-12-10T17:42:02","slug":"beagle","status":"publish","type":"page","link":"https:\/\/cucciolieallevamenti.it\/?page_id=16194","title":{"rendered":"Beagle"},"content":{"rendered":"\t\t<div data-elementor-type=\"wp-page\" data-elementor-id=\"16194\" class=\"elementor elementor-16194\" data-elementor-post-type=\"page\">\n\t\t\t\t<div class=\"elementor-element elementor-element-3fef15da e-flex e-con-boxed e-con e-parent\" data-id=\"3fef15da\" data-element_type=\"container\" data-e-type=\"container\">\n\t\t\t\t\t<div class=\"e-con-inner\">\n\t\t\t\t\t<\/div>\n\t\t\t\t<\/div>\n\t\t<div class=\"elementor-element elementor-element-4b032462 e-flex e-con-boxed e-con e-parent\" data-id=\"4b032462\" data-element_type=\"container\" data-e-type=\"container\">\n\t\t\t\t\t<div class=\"e-con-inner\">\n\t\t\t\t<div class=\"elementor-element elementor-element-127fd672 elementor-invisible elementor-widget elementor-widget-theme-post-title elementor-page-title elementor-widget-heading\" data-id=\"127fd672\" data-element_type=\"widget\" data-e-type=\"widget\" data-settings=\"{&quot;_animation&quot;:&quot;fadeIn&quot;,&quot;_animation_delay&quot;:300}\" data-widget_type=\"theme-post-title.default\">\n\t\t\t\t<div class=\"elementor-widget-container\">\n\t\t\t\t\t<h1 class=\"elementor-heading-title elementor-size-default\">Beagle<\/h1>\t\t\t\t<\/div>\n\t\t\t\t<\/div>\n\t\t\t\t<div class=\"elementor-element elementor-element-1f00f24f elementor-skin-carousel elementor-arrows-yes elementor-pagination-type-bullets elementor-pagination-position-outside elementor-widget elementor-widget-media-carousel\" data-id=\"1f00f24f\" data-element_type=\"widget\" data-e-type=\"widget\" data-settings=\"{&quot;skin&quot;:&quot;carousel&quot;,&quot;effect&quot;:&quot;slide&quot;,&quot;show_arrows&quot;:&quot;yes&quot;,&quot;pagination&quot;:&quot;bullets&quot;,&quot;speed&quot;:500,&quot;autoplay&quot;:&quot;yes&quot;,&quot;autoplay_speed&quot;:5000,&quot;loop&quot;:&quot;yes&quot;,&quot;pause_on_hover&quot;:&quot;yes&quot;,&quot;pause_on_interaction&quot;:&quot;yes&quot;,&quot;space_between&quot;:{&quot;unit&quot;:&quot;px&quot;,&quot;size&quot;:10,&quot;sizes&quot;:[]},&quot;space_between_tablet&quot;:{&quot;unit&quot;:&quot;px&quot;,&quot;size&quot;:10,&quot;sizes&quot;:[]},&quot;space_between_mobile&quot;:{&quot;unit&quot;:&quot;px&quot;,&quot;size&quot;:10,&quot;sizes&quot;:[]}}\" data-widget_type=\"media-carousel.default\">\n\t\t\t\t<div class=\"elementor-widget-container\">\n\t\t\t\t\t\t\t\t\t<div class=\"elementor-swiper\">\n\t\t\t\t\t<div class=\"elementor-main-swiper swiper\" role=\"region\" aria-roledescription=\"carousel\" aria-label=\"Slides\">\n\t\t\t\t<div class=\"swiper-wrapper\">\n\t\t\t\t\t\t\t\t\t\t\t<div class=\"swiper-slide\" role=\"group\" aria-roledescription=\"slide\">\n\t\t\t\t\t\t\t\t\t<div class=\"elementor-carousel-image\" role=\"img\" aria-label=\"33\" style=\"background-image: url(&#039;https:\/\/cucciolieallevamenti.it\/wp-content\/uploads\/2024\/12\/33-1.jpg&#039;)\">\n\n\t\t\t\n\t\t\t\t\t<\/div>\n\t\t\t\t\t\t\t\t<\/div>\n\t\t\t\t\t\t\t\t\t\t\t<div class=\"swiper-slide\" role=\"group\" aria-roledescription=\"slide\">\n\t\t\t\t\t\t\t\t\t<div class=\"elementor-carousel-image\" role=\"img\" aria-label=\"6\" style=\"background-image: url(&#039;https:\/\/cucciolieallevamenti.it\/wp-content\/uploads\/2024\/12\/6.jpg&#039;)\">\n\n\t\t\t\n\t\t\t\t\t<\/div>\n\t\t\t\t\t\t\t\t<\/div>\n\t\t\t\t\t\t\t\t\t\t\t<div class=\"swiper-slide\" role=\"group\" aria-roledescription=\"slide\">\n\t\t\t\t\t\t\t\t\t<div class=\"elementor-carousel-image\" role=\"img\" aria-label=\"15\" style=\"background-image: url(&#039;https:\/\/cucciolieallevamenti.it\/wp-content\/uploads\/2024\/12\/15.jpg&#039;)\">\n\n\t\t\t\n\t\t\t\t\t<\/div>\n\t\t\t\t\t\t\t\t<\/div>\n\t\t\t\t\t\t\t\t\t\t\t<div class=\"swiper-slide\" role=\"group\" aria-roledescription=\"slide\">\n\t\t\t\t\t\t\t\t\t<div class=\"elementor-carousel-image\" role=\"img\" aria-label=\"22\" style=\"background-image: url(&#039;https:\/\/cucciolieallevamenti.it\/wp-content\/uploads\/2024\/12\/22-2.jpg&#039;)\">\n\n\t\t\t\n\t\t\t\t\t<\/div>\n\t\t\t\t\t\t\t\t<\/div>\n\t\t\t\t\t\t\t\t\t\t\t<div class=\"swiper-slide\" role=\"group\" aria-roledescription=\"slide\">\n\t\t\t\t\t\t\t\t\t<div class=\"elementor-carousel-image\" role=\"img\" aria-label=\"17\" style=\"background-image: url(&#039;https:\/\/cucciolieallevamenti.it\/wp-content\/uploads\/2024\/12\/17-1.jpg&#039;)\">\n\n\t\t\t\n\t\t\t\t\t<\/div>\n\t\t\t\t\t\t\t\t<\/div>\n\t\t\t\t\t\t\t\t\t\t\t<div class=\"swiper-slide\" role=\"group\" aria-roledescription=\"slide\">\n\t\t\t\t\t\t\t\t\t<div class=\"elementor-carousel-image\" role=\"img\" aria-label=\"19\" style=\"background-image: url(&#039;https:\/\/cucciolieallevamenti.it\/wp-content\/uploads\/2024\/12\/19-1.jpg&#039;)\">\n\n\t\t\t\n\t\t\t\t\t<\/div>\n\t\t\t\t\t\t\t\t<\/div>\n\t\t\t\t\t\t\t\t\t\t\t<div class=\"swiper-slide\" role=\"group\" aria-roledescription=\"slide\">\n\t\t\t\t\t\t\t\t\t<div class=\"elementor-carousel-image\" role=\"img\" aria-label=\"29\" style=\"background-image: url(&#039;https:\/\/cucciolieallevamenti.it\/wp-content\/uploads\/2024\/12\/29.jpg&#039;)\">\n\n\t\t\t\n\t\t\t\t\t<\/div>\n\t\t\t\t\t\t\t\t<\/div>\n\t\t\t\t\t\t\t\t\t<\/div>\n\t\t\t\t\t\t\t\t\t\t\t\t\t\t\t<div class=\"elementor-swiper-button elementor-swiper-button-prev\" role=\"button\" tabindex=\"0\" aria-label=\"Precedente\">\n\t\t\t\t\t\t\t<svg aria-hidden=\"true\" class=\"e-font-icon-svg e-eicon-chevron-left\" viewBox=\"0 0 1000 1000\" xmlns=\"http:\/\/www.w3.org\/2000\/svg\"><path d=\"M646 125C629 125 613 133 604 142L308 442C296 454 292 471 292 487 292 504 296 521 308 533L604 854C617 867 629 875 646 875 663 875 679 871 692 858 704 846 713 829 713 812 713 796 708 779 692 767L438 487 692 225C700 217 708 204 708 187 708 171 704 154 692 142 675 129 663 125 646 125Z\"><\/path><\/svg>\t\t\t\t\t\t<\/div>\n\t\t\t\t\t\t<div class=\"elementor-swiper-button elementor-swiper-button-next\" role=\"button\" tabindex=\"0\" aria-label=\"Successivo\">\n\t\t\t\t\t\t\t<svg aria-hidden=\"true\" class=\"e-font-icon-svg e-eicon-chevron-right\" viewBox=\"0 0 1000 1000\" xmlns=\"http:\/\/www.w3.org\/2000\/svg\"><path d=\"M696 533C708 521 713 504 713 487 713 471 708 454 696 446L400 146C388 133 375 125 354 125 338 125 325 129 313 142 300 154 292 171 292 187 292 204 296 221 308 233L563 492 304 771C292 783 288 800 288 817 288 833 296 850 308 863 321 871 338 875 354 875 371 875 388 867 400 854L696 533Z\"><\/path><\/svg>\t\t\t\t\t\t<\/div>\n\t\t\t\t\t\t\t\t\t\t\t\t\t\t\t\t<div class=\"swiper-pagination\"><\/div>\n\t\t\t\t\t\t\t\t\t\t\t\t<\/div>\n\t\t\t\t<\/div>\n\t\t\t\t\t\t\t\t<\/div>\n\t\t\t\t<\/div>\n\t\t<div class=\"elementor-element elementor-element-440c6dc3 e-con-full e-flex e-con e-child\" data-id=\"440c6dc3\" data-element_type=\"container\" data-e-type=\"container\">\n\t\t\t\t<div class=\"elementor-element elementor-element-aa2f134 elementor-widget elementor-widget-heading\" data-id=\"aa2f134\" data-element_type=\"widget\" data-e-type=\"widget\" data-widget_type=\"heading.default\">\n\t\t\t\t<div class=\"elementor-widget-container\">\n\t\t\t\t\t<h5 class=\"elementor-heading-title elementor-size-default\">Origine<\/h5>\t\t\t\t<\/div>\n\t\t\t\t<\/div>\n\t\t\t\t<div class=\"elementor-element elementor-element-623247b2 elementor-widget elementor-widget-text-editor\" data-id=\"623247b2\" data-element_type=\"widget\" data-e-type=\"widget\" data-widget_type=\"text-editor.default\">\n\t\t\t\t<div class=\"elementor-widget-container\">\n\t\t\t\t\t\t\t\t\t<p>Gran \u00a0Bretagna<\/p>\t\t\t\t\t\t\t\t<\/div>\n\t\t\t\t<\/div>\n\t\t\t\t<div class=\"elementor-element elementor-element-344bff37 elementor-widget elementor-widget-heading\" data-id=\"344bff37\" data-element_type=\"widget\" data-e-type=\"widget\" data-widget_type=\"heading.default\">\n\t\t\t\t<div class=\"elementor-widget-container\">\n\t\t\t\t\t<h5 class=\"elementor-heading-title elementor-size-default\">Utilizzo<\/h5>\t\t\t\t<\/div>\n\t\t\t\t<\/div>\n\t\t\t\t<div class=\"elementor-element elementor-element-247afada elementor-widget elementor-widget-text-editor\" data-id=\"247afada\" data-element_type=\"widget\" data-e-type=\"widget\" data-widget_type=\"text-editor.default\">\n\t\t\t\t<div class=\"elementor-widget-container\">\n\t\t\t\t\t\t\t\t\t<p>Segugio<\/p>\t\t\t\t\t\t\t\t<\/div>\n\t\t\t\t<\/div>\n\t\t\t\t<div class=\"elementor-element elementor-element-ca5734f elementor-widget elementor-widget-heading\" data-id=\"ca5734f\" data-element_type=\"widget\" data-e-type=\"widget\" data-widget_type=\"heading.default\">\n\t\t\t\t<div class=\"elementor-widget-container\">\n\t\t\t\t\t<h5 class=\"elementor-heading-title elementor-size-default\">Comportamento \/ Carattere<\/h5>\t\t\t\t<\/div>\n\t\t\t\t<\/div>\n\t\t\t\t<div class=\"elementor-element elementor-element-65fc9e67 elementor-widget elementor-widget-text-editor\" data-id=\"65fc9e67\" data-element_type=\"widget\" data-e-type=\"widget\" data-widget_type=\"text-editor.default\">\n\t\t\t\t<div class=\"elementor-widget-container\">\n\t\t\t\t\t\t\t\t\t<p>Il Beagle \u00e8 un cane brioso, la cui funzione essenziale e\u0300 la caccia, soprattutto alla lepre, che insegue col fiuto. Coraggioso, molto attivo, resistente e determinato. E\u0300 anche attento, intelligente e di carattere sempre uguale. Amabile e sveglio, non mostra mai aggressivita\u0300 ne\u0301 timidezza.<br \/>Il\u00a0Beagle\u00a0\u00e8 un cane molto allegro, curioso, intelligente, mai aggressivo, affettuoso con tutti, in ogni suo movimento viene espressa la sua &#8220;gioia di vivere&#8221; che gli dona un fascino unico.<br \/>Pur essendo un\u00a0cane dolce\u00a0si possono incontrare dei problemi nell\u2019educarlo, perch\u00e9 il\u00a0Beagle\u00a0tende ad avere un carattere frettoloso, ma non \u00e8 per nulla un cane testardo.<br \/>I Beagle si attaccano molto al padrone, seguendolo continuamente in ogni sua attivit\u00e0 tanto da esser definiti &#8220;cani-ombra&#8221;. Essendo un segugio, \u00e8 stato selezionato per scovare tracce olfattive e seguirle, ci\u00f2 comporta una seria difficolt\u00e0 nell&#8217;insegnare a questi cani a ritornare a comando quando si trovano fuori casa o a stare correttamente al guinzaglio, poich\u00e9 sono letteralmente &#8220;rapiti&#8221; dagli odori dell&#8217;ambiente circostante.<br \/>Il beagle \u00e8 molto socievole sia con le persone che con gli altri cani, sempre per il fatto che nasce cacciatore e\u00a0molto bravo a lavorare in coppia o all\u2019interno di una muta anche numerosa.<br \/>Il Beagle \u00e8 da molti \u00e8 considerato il cane ideale per famiglie con bambini piccoli poich\u00e9 sempre disponibile al gioco e mai aggressivo. Il beagle non abbaia molto se non in momenti di particolare agitazione\/eccitazione e il suo abbaiare \u00e8 tonante e acuto (ha una gran voce per la sua stazza). Per la sua mole ridotta pu\u00f2 stare anche in appartamento, purch\u00e9 gli si dia l&#8217;opportunit\u00e0 quotidiana di camminare, concedendogli ogni tanto delle lunghe corse. Cerca continuamente la compagnia della persona a cui si \u00e8 affezionato. Ottimo cane da caccia e da compagnia.<\/p>\t\t\t\t\t\t\t\t<\/div>\n\t\t\t\t<\/div>\n\t\t\t\t<div class=\"elementor-element elementor-element-4c7be68f elementor-widget elementor-widget-heading\" data-id=\"4c7be68f\" data-element_type=\"widget\" data-e-type=\"widget\" data-widget_type=\"heading.default\">\n\t\t\t\t<div class=\"elementor-widget-container\">\n\t\t\t\t\t<h5 class=\"elementor-heading-title elementor-size-default\">Brevi cenni storici<\/h5>\t\t\t\t<\/div>\n\t\t\t\t<\/div>\n\t\t\t\t<div class=\"elementor-element elementor-element-162264ea elementor-widget elementor-widget-text-editor\" data-id=\"162264ea\" data-element_type=\"widget\" data-e-type=\"widget\" data-widget_type=\"text-editor.default\">\n\t\t\t\t<div class=\"elementor-widget-container\">\n\t\t\t\t\t\t\t\t\t<p>Si dice che il Beagle sia stato creato riducendo il piu\u0300 grande Foxhound, per poter seguire a piedi la caccia, preferibilmente della lepre. E\u0300 ancora usato in muta, molto spesso con l\u2019organizzazione di istituti, compreso collegi e scuole. Un piccolo cane zelante, sempre in agitazione, pieno di entusiasmo e vigore, sempre pronto per qualsiasi attivita\u0300 che lo coinvolga. Il Beagle e\u0300 un cane atletico sotto ogni aspetto e non c\u2019e\u0300 niente di meglio che vedere una muta di Beagle in pieno inseguimento, con le teste abbassate sull\u2019usta, le code levate rigide per la concentrazione nella caccia.<br \/>Durante il regno di Enrico VIII\u00b0 e Elisabetta Ia c\u2019erano <strong>Beagle Elizabeth<\/strong> (denominati anche Pocket Beagle) chiamati cos\u00ec in onore della regina Elisabetta I, che li predilesse e allev\u00f2, questi beagle erano cani che misuravano dai 18 ai 25 cm d&#8217;altezza. Esemplari di questo tipo di bracchetti venivano allevati in Gran Bretagna fino all&#8217;Ottocento; per la loro dimensione ridotta non riuscivano facilmente a riprodursi per cui ed inoltre poco funzionali al lavoro di caccia che dovevano eseguire, cos\u00ec un po&#8217; alla volta, cominciarono a scomparire, fino a estinguersi nel XIX secolo. Anche tentativi seguenti di allevatori del Regno Unito di far rivivere il mini-beagle agli inizi del Novecento fallirono. L&#8217;ultimo standard del beagle non prevede questa variet\u00e0, per cui <strong>oggi cani di altezza inferiore a 33 cm sono da considerarsi fuori dallo standard<\/strong>.<\/p>\t\t\t\t\t\t\t\t<\/div>\n\t\t\t\t<\/div>\n\t\t\t\t<div class=\"elementor-element elementor-element-463672d9 elementor-widget elementor-widget-heading\" data-id=\"463672d9\" data-element_type=\"widget\" data-e-type=\"widget\" data-widget_type=\"heading.default\">\n\t\t\t\t<div class=\"elementor-widget-container\">\n\t\t\t\t\t<h5 class=\"elementor-heading-title elementor-size-default\">Aspetto generale<\/h5>\t\t\t\t<\/div>\n\t\t\t\t<\/div>\n\t\t\t\t<div class=\"elementor-element elementor-element-149facbb elementor-widget elementor-widget-text-editor\" data-id=\"149facbb\" data-element_type=\"widget\" data-e-type=\"widget\" data-widget_type=\"text-editor.default\">\n\t\t\t\t<div class=\"elementor-widget-container\">\n\t\t\t\t\t\t\t\t\t<p>Il beagle \u00e8 un segugio vigoroso, dalla costruzione raccolta, da\u0300 nello stesso tempo l\u2019impressione di qualita\u0300 senza essere grossolano. Le orecchie sono attaccate alte, rotondeggianti e abbastanza lunghe. Gli occhi, rotondi e vivaci, gli danno uno sguardo tra i pi\u00f9 accattivanti del mondo canino.<br \/>La lunghezza della testa, tra l\u2019occipite e la punta del tartufo, e\u0300 divisa dallo stop in due parti il piu\u0300 uguale possibile.<br \/>L\u2019altezza al gomito e\u0300 circa la meta\u0300 dell\u2019altezza al garrese.<\/p>\t\t\t\t\t\t\t\t<\/div>\n\t\t\t\t<\/div>\n\t\t\t\t<div class=\"elementor-element elementor-element-21971572 elementor-widget elementor-widget-heading\" data-id=\"21971572\" data-element_type=\"widget\" data-e-type=\"widget\" data-widget_type=\"heading.default\">\n\t\t\t\t<div class=\"elementor-widget-container\">\n\t\t\t\t\t<h5 class=\"elementor-heading-title elementor-size-default\">Taglia<\/h5>\t\t\t\t<\/div>\n\t\t\t\t<\/div>\n\t\t\t\t<div class=\"elementor-element elementor-element-7e438d7f elementor-widget elementor-widget-text-editor\" data-id=\"7e438d7f\" data-element_type=\"widget\" data-e-type=\"widget\" data-widget_type=\"text-editor.default\">\n\t\t\t\t<div class=\"elementor-widget-container\">\n\t\t\t\t\t\t\t\t\t<p>Il Beagle \u00e8 una cane di taglia media<br \/>Altezza al garrese ideale: minima al garrese: 33 cm &#8211; massima al garrese: 40 cm <br \/>Peso da considerarsi tra i 13\/14 Kg e i 18\/19 Kg<\/p>\t\t\t\t\t\t\t\t<\/div>\n\t\t\t\t<\/div>\n\t\t\t\t<div class=\"elementor-element elementor-element-2c5d504b elementor-widget elementor-widget-heading\" data-id=\"2c5d504b\" data-element_type=\"widget\" data-e-type=\"widget\" data-widget_type=\"heading.default\">\n\t\t\t\t<div class=\"elementor-widget-container\">\n\t\t\t\t\t<h5 class=\"elementor-heading-title elementor-size-default\">Mantello \/ Pelo \/Colore<\/h5>\t\t\t\t<\/div>\n\t\t\t\t<\/div>\n\t\t\t\t<div class=\"elementor-element elementor-element-35107505 elementor-widget elementor-widget-text-editor\" data-id=\"35107505\" data-element_type=\"widget\" data-e-type=\"widget\" data-widget_type=\"text-editor.default\">\n\t\t\t\t<div class=\"elementor-widget-container\">\n\t\t\t\t\t\t\t\t\t<p>Nella razza Beagle il pelo \u00e8 corto, denso e impermeabile<\/p><p>Nella razza Beagle vengono riconosciute diverse colorazioni che vanno dal Tricolore (nero, bianco, marrone o blu, bianco, marrone) ai Bicolore (limone e bianco; rosso e bianco; fuoco e bianco; nero e bianco) ed \u00e8 ammesso anche il bianco puro.<br \/>Con l\u2019eccezione del bianco puro, tutti i colori di cui sopra possono essere presenti come moschettature. Nessun altro colore e\u0300 permesso. Punta della coda bianca<\/p>\t\t\t\t\t\t\t\t<\/div>\n\t\t\t\t<\/div>\n\t\t\t\t<\/div>\n\t\t\t\t\t<\/div>\n\t\t\t\t<\/div>\n\t\t<div class=\"elementor-element elementor-element-128853ca e-flex e-con-boxed e-con e-parent\" data-id=\"128853ca\" data-element_type=\"container\" data-e-type=\"container\">\n\t\t\t\t\t<div class=\"e-con-inner\">\n\t\t<div class=\"elementor-element elementor-element-38b2e5d1 e-con-full e-flex e-con e-child\" data-id=\"38b2e5d1\" data-element_type=\"container\" data-e-type=\"container\">\n\t\t\t\t<div class=\"elementor-element elementor-element-63a79bdd elementor-widget elementor-widget-heading\" data-id=\"63a79bdd\" data-element_type=\"widget\" data-e-type=\"widget\" data-widget_type=\"heading.default\">\n\t\t\t\t<div class=\"elementor-widget-container\">\n\t\t\t\t\t<h5 class=\"elementor-heading-title elementor-size-default\">Disponibilit\u00e0<\/h5>\t\t\t\t<\/div>\n\t\t\t\t<\/div>\n\t\t\t\t<div class=\"elementor-element elementor-element-13b957bd elementor-widget elementor-widget-text-editor\" data-id=\"13b957bd\" data-element_type=\"widget\" data-e-type=\"widget\" data-widget_type=\"text-editor.default\">\n\t\t\t\t<div class=\"elementor-widget-container\">\n\t\t\t\t\t\t\t\t\t<p>Per conoscere le disponibilit\u00e0 attuali dei nostri cuccioli, non esitate a contattarci direttamente.<br \/>Saremo felici di fornirvi tutte le informazioni di cui avete bisogno!<\/p>\t\t\t\t\t\t\t\t<\/div>\n\t\t\t\t<\/div>\n\t\t\t\t<\/div>\n\t\t\t\t\t<\/div>\n\t\t\t\t<\/div>\n\t\t\t\t<\/div>\n\t\t","protected":false},"excerpt":{"rendered":"<p>Precedente Successivo Origine Gran \u00a0Bretagna Utilizzo Segugio Comportamento \/ Carattere Il Beagle \u00e8 un cane brioso, la cui funzione essenziale e\u0300 la caccia, soprattutto alla lepre, che insegue col fiuto. Coraggioso, molto attivo, resistente e determinato. E\u0300 anche attento, intelligente e di carattere sempre uguale. Amabile e sveglio, non mostra mai aggressivita\u0300 ne\u0301 timidezza.Il\u00a0Beagle\u00a0\u00e8 un [&hellip;]<\/p>\n","protected":false},"author":2,"featured_media":0,"parent":16075,"menu_order":0,"comment_status":"closed","ping_status":"closed","template":"","meta":{"footnotes":""},"class_list":["post-16194","page","type-page","status-publish","hentry"],"_links":{"self":[{"href":"https:\/\/cucciolieallevamenti.it\/index.php?rest_route=\/wp\/v2\/pages\/16194","targetHints":{"allow":["GET"]}}],"collection":[{"href":"https:\/\/cucciolieallevamenti.it\/index.php?rest_route=\/wp\/v2\/pages"}],"about":[{"href":"https:\/\/cucciolieallevamenti.it\/index.php?rest_route=\/wp\/v2\/types\/page"}],"author":[{"embeddable":true,"href":"https:\/\/cucciolieallevamenti.it\/index.php?rest_route=\/wp\/v2\/users\/2"}],"replies":[{"embeddable":true,"href":"https:\/\/cucciolieallevamenti.it\/index.php?rest_route=%2Fwp%2Fv2%2Fcomments&post=16194"}],"version-history":[{"count":5,"href":"https:\/\/cucciolieallevamenti.it\/index.php?rest_route=\/wp\/v2\/pages\/16194\/revisions"}],"predecessor-version":[{"id":16209,"href":"https:\/\/cucciolieallevamenti.it\/index.php?rest_route=\/wp\/v2\/pages\/16194\/revisions\/16209"}],"up":[{"embeddable":true,"href":"https:\/\/cucciolieallevamenti.it\/index.php?rest_route=\/wp\/v2\/pages\/16075"}],"wp:attachment":[{"href":"https:\/\/cucciolieallevamenti.it\/index.php?rest_route=%2Fwp%2Fv2%2Fmedia&parent=16194"}],"curies":[{"name":"wp","href":"https:\/\/api.w.org\/{rel}","templated":true}]}}