{"id":16179,"date":"2024-12-10T17:15:11","date_gmt":"2024-12-10T17:15:11","guid":{"rendered":"https:\/\/cucciolieallevamenti.it\/?page_id=16179"},"modified":"2024-12-10T17:53:19","modified_gmt":"2024-12-10T17:53:19","slug":"barboncino","status":"publish","type":"page","link":"https:\/\/cucciolieallevamenti.it\/?page_id=16179","title":{"rendered":"Barboncino (Toy-Nano)  \/ Barbone (Medio)"},"content":{"rendered":"\t\t<div data-elementor-type=\"wp-page\" data-elementor-id=\"16179\" class=\"elementor elementor-16179\" data-elementor-post-type=\"page\">\n\t\t\t\t<div class=\"elementor-element elementor-element-35b3f99c e-flex e-con-boxed e-con e-parent\" data-id=\"35b3f99c\" data-element_type=\"container\" data-e-type=\"container\">\n\t\t\t\t\t<div class=\"e-con-inner\">\n\t\t\t\t\t<\/div>\n\t\t\t\t<\/div>\n\t\t<div class=\"elementor-element elementor-element-3fb1c962 e-flex e-con-boxed e-con e-parent\" data-id=\"3fb1c962\" data-element_type=\"container\" data-e-type=\"container\">\n\t\t\t\t\t<div class=\"e-con-inner\">\n\t\t\t\t<div class=\"elementor-element elementor-element-68b236e3 elementor-invisible elementor-widget elementor-widget-theme-post-title elementor-page-title elementor-widget-heading\" data-id=\"68b236e3\" data-element_type=\"widget\" data-e-type=\"widget\" data-settings=\"{&quot;_animation&quot;:&quot;fadeIn&quot;,&quot;_animation_delay&quot;:300}\" data-widget_type=\"theme-post-title.default\">\n\t\t\t\t<div class=\"elementor-widget-container\">\n\t\t\t\t\t<h1 class=\"elementor-heading-title elementor-size-default\">Barboncino (Toy-Nano)  \/ Barbone (Medio)<\/h1>\t\t\t\t<\/div>\n\t\t\t\t<\/div>\n\t\t\t\t<div class=\"elementor-element elementor-element-4284e85f elementor-skin-carousel elementor-arrows-yes elementor-pagination-type-bullets elementor-pagination-position-outside elementor-widget elementor-widget-media-carousel\" data-id=\"4284e85f\" data-element_type=\"widget\" data-e-type=\"widget\" data-settings=\"{&quot;skin&quot;:&quot;carousel&quot;,&quot;effect&quot;:&quot;slide&quot;,&quot;show_arrows&quot;:&quot;yes&quot;,&quot;pagination&quot;:&quot;bullets&quot;,&quot;speed&quot;:500,&quot;autoplay&quot;:&quot;yes&quot;,&quot;autoplay_speed&quot;:5000,&quot;loop&quot;:&quot;yes&quot;,&quot;pause_on_hover&quot;:&quot;yes&quot;,&quot;pause_on_interaction&quot;:&quot;yes&quot;,&quot;space_between&quot;:{&quot;unit&quot;:&quot;px&quot;,&quot;size&quot;:10,&quot;sizes&quot;:[]},&quot;space_between_tablet&quot;:{&quot;unit&quot;:&quot;px&quot;,&quot;size&quot;:10,&quot;sizes&quot;:[]},&quot;space_between_mobile&quot;:{&quot;unit&quot;:&quot;px&quot;,&quot;size&quot;:10,&quot;sizes&quot;:[]}}\" data-widget_type=\"media-carousel.default\">\n\t\t\t\t<div class=\"elementor-widget-container\">\n\t\t\t\t\t\t\t\t\t<div class=\"elementor-swiper\">\n\t\t\t\t\t<div class=\"elementor-main-swiper swiper\" role=\"region\" aria-roledescription=\"carousel\" aria-label=\"Slides\">\n\t\t\t\t<div class=\"swiper-wrapper\">\n\t\t\t\t\t\t\t\t\t\t\t<div class=\"swiper-slide\" role=\"group\" aria-roledescription=\"slide\">\n\t\t\t\t\t\t\t\t\t<div class=\"elementor-carousel-image\" role=\"img\" aria-label=\"Barboncino 1\" style=\"background-image: url(&#039;https:\/\/cucciolieallevamenti.it\/wp-content\/uploads\/2024\/12\/Barboncino-1.jpg&#039;)\">\n\n\t\t\t\n\t\t\t\t\t<\/div>\n\t\t\t\t\t\t\t\t<\/div>\n\t\t\t\t\t\t\t\t\t\t\t<div class=\"swiper-slide\" role=\"group\" aria-roledescription=\"slide\">\n\t\t\t\t\t\t\t\t\t<div class=\"elementor-carousel-image\" role=\"img\" aria-label=\"Barboncino 2\" style=\"background-image: url(&#039;https:\/\/cucciolieallevamenti.it\/wp-content\/uploads\/2024\/12\/Barboncino-2.jpg&#039;)\">\n\n\t\t\t\n\t\t\t\t\t<\/div>\n\t\t\t\t\t\t\t\t<\/div>\n\t\t\t\t\t\t\t\t\t\t\t<div class=\"swiper-slide\" role=\"group\" aria-roledescription=\"slide\">\n\t\t\t\t\t\t\t\t\t<div class=\"elementor-carousel-image\" role=\"img\" aria-label=\"Barboncino 3\" style=\"background-image: url(&#039;https:\/\/cucciolieallevamenti.it\/wp-content\/uploads\/2024\/12\/Barboncino-3.jpg&#039;)\">\n\n\t\t\t\n\t\t\t\t\t<\/div>\n\t\t\t\t\t\t\t\t<\/div>\n\t\t\t\t\t\t\t\t\t\t\t<div class=\"swiper-slide\" role=\"group\" aria-roledescription=\"slide\">\n\t\t\t\t\t\t\t\t\t<div class=\"elementor-carousel-image\" role=\"img\" aria-label=\"Barboncino 4\" style=\"background-image: url(&#039;https:\/\/cucciolieallevamenti.it\/wp-content\/uploads\/2024\/12\/Barboncino-4.jpg&#039;)\">\n\n\t\t\t\n\t\t\t\t\t<\/div>\n\t\t\t\t\t\t\t\t<\/div>\n\t\t\t\t\t\t\t\t\t\t\t<div class=\"swiper-slide\" role=\"group\" aria-roledescription=\"slide\">\n\t\t\t\t\t\t\t\t\t<div class=\"elementor-carousel-image\" role=\"img\" aria-label=\"Barboncino 5\" style=\"background-image: url(&#039;https:\/\/cucciolieallevamenti.it\/wp-content\/uploads\/2024\/12\/Barboncino-5.jpg&#039;)\">\n\n\t\t\t\n\t\t\t\t\t<\/div>\n\t\t\t\t\t\t\t\t<\/div>\n\t\t\t\t\t\t\t\t\t\t\t<div class=\"swiper-slide\" role=\"group\" aria-roledescription=\"slide\">\n\t\t\t\t\t\t\t\t\t<div class=\"elementor-carousel-image\" role=\"img\" aria-label=\"Barboncino 6\" style=\"background-image: url(&#039;https:\/\/cucciolieallevamenti.it\/wp-content\/uploads\/2024\/12\/Barboncino-6.jpg&#039;)\">\n\n\t\t\t\n\t\t\t\t\t<\/div>\n\t\t\t\t\t\t\t\t<\/div>\n\t\t\t\t\t\t\t\t\t\t\t<div class=\"swiper-slide\" role=\"group\" aria-roledescription=\"slide\">\n\t\t\t\t\t\t\t\t\t<div class=\"elementor-carousel-image\" role=\"img\" aria-label=\"Barboncino 7\" style=\"background-image: url(&#039;https:\/\/cucciolieallevamenti.it\/wp-content\/uploads\/2024\/12\/Barboncino-7.jpg&#039;)\">\n\n\t\t\t\n\t\t\t\t\t<\/div>\n\t\t\t\t\t\t\t\t<\/div>\n\t\t\t\t\t\t\t\t\t<\/div>\n\t\t\t\t\t\t\t\t\t\t\t\t\t\t\t<div class=\"elementor-swiper-button elementor-swiper-button-prev\" role=\"button\" tabindex=\"0\" aria-label=\"Precedente\">\n\t\t\t\t\t\t\t<svg aria-hidden=\"true\" class=\"e-font-icon-svg e-eicon-chevron-left\" viewBox=\"0 0 1000 1000\" xmlns=\"http:\/\/www.w3.org\/2000\/svg\"><path d=\"M646 125C629 125 613 133 604 142L308 442C296 454 292 471 292 487 292 504 296 521 308 533L604 854C617 867 629 875 646 875 663 875 679 871 692 858 704 846 713 829 713 812 713 796 708 779 692 767L438 487 692 225C700 217 708 204 708 187 708 171 704 154 692 142 675 129 663 125 646 125Z\"><\/path><\/svg>\t\t\t\t\t\t<\/div>\n\t\t\t\t\t\t<div class=\"elementor-swiper-button elementor-swiper-button-next\" role=\"button\" tabindex=\"0\" aria-label=\"Successivo\">\n\t\t\t\t\t\t\t<svg aria-hidden=\"true\" class=\"e-font-icon-svg e-eicon-chevron-right\" viewBox=\"0 0 1000 1000\" xmlns=\"http:\/\/www.w3.org\/2000\/svg\"><path d=\"M696 533C708 521 713 504 713 487 713 471 708 454 696 446L400 146C388 133 375 125 354 125 338 125 325 129 313 142 300 154 292 171 292 187 292 204 296 221 308 233L563 492 304 771C292 783 288 800 288 817 288 833 296 850 308 863 321 871 338 875 354 875 371 875 388 867 400 854L696 533Z\"><\/path><\/svg>\t\t\t\t\t\t<\/div>\n\t\t\t\t\t\t\t\t\t\t\t\t\t\t\t\t<div class=\"swiper-pagination\"><\/div>\n\t\t\t\t\t\t\t\t\t\t\t\t<\/div>\n\t\t\t\t<\/div>\n\t\t\t\t\t\t\t\t<\/div>\n\t\t\t\t<\/div>\n\t\t<div class=\"elementor-element elementor-element-3dba4c86 e-con-full e-flex e-con e-child\" data-id=\"3dba4c86\" data-element_type=\"container\" data-e-type=\"container\">\n\t\t\t\t<div class=\"elementor-element elementor-element-732a003b elementor-widget elementor-widget-heading\" data-id=\"732a003b\" data-element_type=\"widget\" data-e-type=\"widget\" data-widget_type=\"heading.default\">\n\t\t\t\t<div class=\"elementor-widget-container\">\n\t\t\t\t\t<h5 class=\"elementor-heading-title elementor-size-default\">Origine<\/h5>\t\t\t\t<\/div>\n\t\t\t\t<\/div>\n\t\t\t\t<div class=\"elementor-element elementor-element-35973ae1 elementor-widget elementor-widget-text-editor\" data-id=\"35973ae1\" data-element_type=\"widget\" data-e-type=\"widget\" data-widget_type=\"text-editor.default\">\n\t\t\t\t<div class=\"elementor-widget-container\">\n\t\t\t\t\t\t\t\t\t<p>Francia<\/p>\t\t\t\t\t\t\t\t<\/div>\n\t\t\t\t<\/div>\n\t\t\t\t<div class=\"elementor-element elementor-element-4d18bbc3 elementor-widget elementor-widget-heading\" data-id=\"4d18bbc3\" data-element_type=\"widget\" data-e-type=\"widget\" data-widget_type=\"heading.default\">\n\t\t\t\t<div class=\"elementor-widget-container\">\n\t\t\t\t\t<h5 class=\"elementor-heading-title elementor-size-default\">Utilizzo<\/h5>\t\t\t\t<\/div>\n\t\t\t\t<\/div>\n\t\t\t\t<div class=\"elementor-element elementor-element-33a1d017 elementor-widget elementor-widget-text-editor\" data-id=\"33a1d017\" data-element_type=\"widget\" data-e-type=\"widget\" data-widget_type=\"text-editor.default\">\n\t\t\t\t<div class=\"elementor-widget-container\">\n\t\t\t\t\t\t\t\t\t<p>Cane da compagnia<\/p>\t\t\t\t\t\t\t\t<\/div>\n\t\t\t\t<\/div>\n\t\t\t\t<div class=\"elementor-element elementor-element-708f8155 elementor-widget elementor-widget-heading\" data-id=\"708f8155\" data-element_type=\"widget\" data-e-type=\"widget\" data-widget_type=\"heading.default\">\n\t\t\t\t<div class=\"elementor-widget-container\">\n\t\t\t\t\t<h5 class=\"elementor-heading-title elementor-size-default\">Comportamento \/ Carattere<\/h5>\t\t\t\t<\/div>\n\t\t\t\t<\/div>\n\t\t\t\t<div class=\"elementor-element elementor-element-7b10edfb elementor-widget elementor-widget-text-editor\" data-id=\"7b10edfb\" data-element_type=\"widget\" data-e-type=\"widget\" data-widget_type=\"text-editor.default\">\n\t\t\t\t<div class=\"elementor-widget-container\">\n\t\t\t\t\t\t\t\t\t<p>Il Barbone \u00e8 un cane noto per la sua fedelta\u0300, pronto ad imparare e ad essere addestrato, il che lo rende un cane da compagnia particolarmente piacevole. <br \/>Il Barbone (detto nella sua taglia pi\u00f9 piccola Barbone Toy o Barboncino) \u00e8 un cane brillante, simpatico, docile e vivace; \u00e8 affettuoso e giocoso e si adatta perfettamente alla convivenza con i bambini. <br \/>Il Barbone \u00e8 stato classificato come la seconda razza canina pi\u00f9 intelligente al mondo ma oltre ad essere intelligente sa essere anche furbo: osservando un cane di questa razza giocare, si nota immediatamente il pizzico di malizia che mette nel gioco per vincere<br \/>Il Barbone \u00c8 un cane che soffre la solitudine e la mancanza di attenzioni. Da tenere presente se si cerca un cane che possa passare lunghi periodi da solo (questione sempre molto importante su cui riflettere).<br \/>Il\u00a0Barbone\u00a0\u00e8 un atleta dalle energie infinite, sa essere sportivo e dinamico, correre, giocare, saltare, scapicollarsi, impazzire per la pallina e fare il pagliaccio.<br \/>Il\u00a0Barbone\u00a0\u00e8 adatto per molte discipline sportive come: disc-dog, obedience,\u00a0doggy dance e altre ancora.<br \/>La sua selezione come cane da compagnia l\u2019ha reso, oltre che docilissimo, anche\u00a0sensibilissimo agli umori umani:\u00a0il\u00a0Barbone\u00a0ti invita a giocare quando si accorge che sei allegro e ti mette il muso sulle ginocchia quando sei triste.<\/p>\t\t\t\t\t\t\t\t<\/div>\n\t\t\t\t<\/div>\n\t\t\t\t<div class=\"elementor-element elementor-element-b167b37 elementor-widget elementor-widget-heading\" data-id=\"b167b37\" data-element_type=\"widget\" data-e-type=\"widget\" data-widget_type=\"heading.default\">\n\t\t\t\t<div class=\"elementor-widget-container\">\n\t\t\t\t\t<h5 class=\"elementor-heading-title elementor-size-default\">Brevi cenni storici<\/h5>\t\t\t\t<\/div>\n\t\t\t\t<\/div>\n\t\t\t\t<div class=\"elementor-element elementor-element-44c4c827 elementor-widget elementor-widget-text-editor\" data-id=\"44c4c827\" data-element_type=\"widget\" data-e-type=\"widget\" data-widget_type=\"text-editor.default\">\n\t\t\t\t<div class=\"elementor-widget-container\">\n\t\t\t\t\t\t\t\t\t<p>Etimologicamente, la parola francese \u201ccaniche\u201d, deriva da \u201ccane\u201d, termine francese che indica la femmina dell\u2019anatra. In altri paesi, questo termine fa riferimento allo sguazzare nell\u2019acqua. In origine, questo cane era utilizzato nella caccia agli uccelli acquatici. Discende dal Barbet di cui ha conservato molte caratteristiche. Nel 1743, si chiamava \u201cla caniche\u201d: femmina del Barbet.<br \/>In seguito, il Barbet e il Barbone si diversificarono sempre piu\u0300. Gli allevatori si sforzarono di ottenere dei soggetti originali e di colore uniforme. Il Barbone e\u0300 diventato molto popolare come cane da compagnia, grazie al suo carattere amabile, gioioso e fedele, ma anche grazie alle sue quattro taglie e i suoi differenti colori che ciascuno puo\u0300 scegliere secondo la sua preferenza.<br \/>Originariamente il Barbone era un animale votato al pericolo e all&#8217;avventura. Il suo impiego nella caccia all&#8217;anatra e come cane da riporto in acqua era talmente diffuso che la sua toelettatura odierna (che molti riconducono a stravaganti canoni estetici) era concepita appositamente per facilitargli il lavoro nell&#8217;acqua: la tosatura sul pelo nella parte posteriore del corpo serviva a lasciargli maggior libert\u00e0 nel nuoto con gli arti posteriori, mentre il pelo veniva lasciato crescere abbondantemente nella parte anteriore per garantire copertura dal freddo e dal vento agli organi pi\u00f9 importanti come i polmoni e il cuore e per proteggere il corpo dai graffi delle piante. Il ciuffo sulla coda, infine, era necessario per permettere al padrone di seguirlo con lo sguardo quando si immergeva negli acquitrini o quando entrava nella fitta boscaglia: vista l&#8217;assenza di pelo nella parte posteriore, infatti, non era facile distinguere la pelle dai cespugli e dal sottobosco, mentre risultava semplice seguire il movimento ondulato del ciuffo colorato in cima alla coda sul quale veniva spesso legato un nastrino colorato per aiutare ancora di pi\u00f9 l&#8217;occhio.<br \/>Gli esemplari di piccola taglia sono stati utilizzati come cercatori di\u00a0tartufo\u00a0grazie al loro ottimo fiuto e alle dimensioni che permettono di muoversi agilmente nel sottobosco. Le piccole zampe, inoltre, danneggiavano i funghi in maniera minore rispetto ai cani pi\u00f9 grandi.<br \/>Contrariamente al suo utilizzo antico il\u00a0Barbone\u00a0viene oggi posto nella categoria dei\u00a0cani da compagnia.<\/p>\t\t\t\t\t\t\t\t<\/div>\n\t\t\t\t<\/div>\n\t\t\t\t<div class=\"elementor-element elementor-element-235d396b elementor-widget elementor-widget-heading\" data-id=\"235d396b\" data-element_type=\"widget\" data-e-type=\"widget\" data-widget_type=\"heading.default\">\n\t\t\t\t<div class=\"elementor-widget-container\">\n\t\t\t\t\t<h5 class=\"elementor-heading-title elementor-size-default\">Aspetto generale<\/h5>\t\t\t\t<\/div>\n\t\t\t\t<\/div>\n\t\t\t\t<div class=\"elementor-element elementor-element-318a3a80 elementor-widget elementor-widget-text-editor\" data-id=\"318a3a80\" data-element_type=\"widget\" data-e-type=\"widget\" data-widget_type=\"text-editor.default\">\n\t\t\t\t<div class=\"elementor-widget-container\">\n\t\t\t\t\t\t\t\t\t<p>Nella razza Barbone vengono riconosciute diverse taglie: Barbone Toy \u2013 Barbone Nano \u2013 Barbone Media Mole \u2013 Barbone Grande Mole. L\u2019aspetto \u00e8 di un cane intelligente, costantemente attento, attivo, armoniosamente costruito e che d\u00e0 l\u2019impressione d\u2019eleganza e fierezza.<br \/>La testa \u00e8 molto ben definita, rettilinea e proporzionata al tronco, con il cranio leggermente convesso e l&#8217;occipite pronunciato; la schiena \u00e8 discendente, le orecchie devono essere piatte, allungate, pendenti e non appuntite, la coda breve e riccioluta. Le arcate sopracciliari sono leggermente pronunciate; le labbra si presentano lievemente sviluppate, asciutte e di medio spessore. Le guance poco sporgenti; gli occhi sono a mandorla, leggermente obliqui e il colore \u00e8 nero o marrone molto scuro negli esemplari dal pelo nero, grigio, bianco, albicocca o rosso, mentre pu\u00f2 essere color ambra scuro negli esemplari marroni. Lo stop non \u00e8 netto, al contrario del tartufo\u00a0che \u00e8 molto ben distinto: esso \u00e8 nero negli esemplari neri, grigi e bianchi, marrone nei soggetti marroni mentre pu\u00f2 assumere diverse sfumature dal marrone al nero negli esemplari albicocca o rossi, ma in ogni caso si presenta sempre in armonia con il colore del mantello; le narici sono nettamente aperte. I piedi sono proporzionalmente piccoli e ovali. Il ventre \u00e8 moderatamente retratto. <br \/>La coda si attacca abbastanza in alto. Gli arti anteriori devono essere in perfetto appiombo, quelli posteriori in perfetto appiombo e ben angolati.<br \/>Una peculiarit\u00e0 importante del Barbone, che lo differenzia da molte altre razze \u00e8 il pelo: esso appare riccioluto e soffice e si presta a diversi tipi di taglio che, nelle gare di bellezza, vengono utilizzati per valorizzare l&#8217;aspetto dell&#8217;animale, ma non presenta il sottopelo, come la maggior parte degli altri cani e perci\u00f2 non presenta periodi di muta: il pelo non cade mai ma anzi cresce continuamente, per questo motivo viene ritenuto \u201cipoallergenico\u201d, particolarit\u00e0 che contribuisce a rendere questa razza perfetta per la vita domestica.<\/p>\t\t\t\t\t\t\t\t<\/div>\n\t\t\t\t<\/div>\n\t\t\t\t<div class=\"elementor-element elementor-element-54520bb elementor-widget elementor-widget-heading\" data-id=\"54520bb\" data-element_type=\"widget\" data-e-type=\"widget\" data-widget_type=\"heading.default\">\n\t\t\t\t<div class=\"elementor-widget-container\">\n\t\t\t\t\t<h5 class=\"elementor-heading-title elementor-size-default\">Taglia<\/h5>\t\t\t\t<\/div>\n\t\t\t\t<\/div>\n\t\t\t\t<div class=\"elementor-element elementor-element-5c208beb elementor-widget elementor-widget-text-editor\" data-id=\"5c208beb\" data-element_type=\"widget\" data-e-type=\"widget\" data-widget_type=\"text-editor.default\">\n\t\t\t\t<div class=\"elementor-widget-container\">\n\t\t\t\t\t\t\t\t\t<p>Nella razza Barbone vengono riconosciute quattro diverse taglie:<\/p><p><strong>Barbone Toy:<\/strong> al di sopra dei 24 cm (con tolleranza di 1 cm in meno) e fino ai 28 cm.(altezza ideale ricercata 25 cm). Il Barbone Toy conserva nell\u2019insieme l\u2019aspetto di un barbone nano e le stesse proporzioni generali, secondo tutti i requisiti dello standard. Qualsiasi presenza di nanismo e\u0300 da escludere; solo la cresta occipitale puo\u0300 essere un po\u2019 meno pronunciata.<\/p><p><strong>Barbone Nano:<\/strong> al di sopra dei 28 fino ai 35 cm.<br \/>Il Barbone nano deve mostrare nel suo insieme l\u2019aspetto di un Barbone di media mole ridotto, conservando il piu\u0300 possibile le stesse proporzioni e senza mostrare alcun segno di nanismo.<\/p><p><strong>Barbone Media Mole:<\/strong> al di sopra dei 35 fino ai 45 cm.<\/p><p><strong>Barboni Grande Mole:<\/strong> al di sopra dei 45 fino ai 60 cm, con una tolleranza di 2 cm. in piu\u0300.<br \/>Il Barbone grande mole, deve essere la riproduzione ingrandita e sviluppata del Barbone media mole, di cui conserva le caratteristiche.<\/p>\t\t\t\t\t\t\t\t<\/div>\n\t\t\t\t<\/div>\n\t\t\t\t<div class=\"elementor-element elementor-element-668f9e2c elementor-widget elementor-widget-heading\" data-id=\"668f9e2c\" data-element_type=\"widget\" data-e-type=\"widget\" data-widget_type=\"heading.default\">\n\t\t\t\t<div class=\"elementor-widget-container\">\n\t\t\t\t\t<h5 class=\"elementor-heading-title elementor-size-default\">Mantello \/ Pelo  \/ Colore<\/h5>\t\t\t\t<\/div>\n\t\t\t\t<\/div>\n\t\t\t\t<div class=\"elementor-element elementor-element-6db3a53d elementor-widget elementor-widget-text-editor\" data-id=\"6db3a53d\" data-element_type=\"widget\" data-e-type=\"widget\" data-widget_type=\"text-editor.default\">\n\t\t\t\t<div class=\"elementor-widget-container\">\n\t\t\t\t\t\t\t\t\t<p>Nella razza Barbone il pelo \u00e8 crespo, riccio o cordato di monocolore: nero, bianco, marrone, grigio, e fulvo.<br \/>Il marrone deve essere deciso, abbastanza scuro, uniforme e caldo. Il beige e i suoi derivati piu\u0300 chiari non sono ammessi.<br \/>Nella colorazione grigio deve essere uniforme, di un tono deciso, ne\u0301 nerastro ne\u0301 biancastro.<br \/>Il colore fulvo deve essere un colore uniforme; puo\u0300 andare da un fulvo chiaro a un fulvo rosso passando dal color arancio (albicocca).<br \/>Palpebre, tartufo, labbra, gengive, palato, orifizi naturali, scroto e cuscinetti plantari, sono ben pigmentati. Per soggetti di un colore fulvo chiaro, tutta la pigmentazione dovra\u0300 essere il piu\u0300 possibile scura.<\/p>\t\t\t\t\t\t\t\t<\/div>\n\t\t\t\t<\/div>\n\t\t\t\t<\/div>\n\t\t\t\t\t<\/div>\n\t\t\t\t<\/div>\n\t\t<div class=\"elementor-element elementor-element-3aa153a1 e-flex e-con-boxed e-con e-parent\" data-id=\"3aa153a1\" data-element_type=\"container\" data-e-type=\"container\">\n\t\t\t\t\t<div class=\"e-con-inner\">\n\t\t<div class=\"elementor-element elementor-element-60ea19a4 e-con-full e-flex e-con e-child\" data-id=\"60ea19a4\" data-element_type=\"container\" data-e-type=\"container\">\n\t\t\t\t<div class=\"elementor-element elementor-element-5be0d1b3 elementor-widget elementor-widget-heading\" data-id=\"5be0d1b3\" data-element_type=\"widget\" data-e-type=\"widget\" data-widget_type=\"heading.default\">\n\t\t\t\t<div class=\"elementor-widget-container\">\n\t\t\t\t\t<h5 class=\"elementor-heading-title elementor-size-default\">Disponibilit\u00e0<\/h5>\t\t\t\t<\/div>\n\t\t\t\t<\/div>\n\t\t\t\t<div class=\"elementor-element elementor-element-23f69615 elementor-widget elementor-widget-text-editor\" data-id=\"23f69615\" data-element_type=\"widget\" data-e-type=\"widget\" data-widget_type=\"text-editor.default\">\n\t\t\t\t<div class=\"elementor-widget-container\">\n\t\t\t\t\t\t\t\t\t<p>Per conoscere le disponibilit\u00e0 attuali dei nostri cuccioli, non esitate a contattarci direttamente.<br \/>Saremo felici di fornirvi tutte le informazioni di cui avete bisogno!<\/p>\t\t\t\t\t\t\t\t<\/div>\n\t\t\t\t<\/div>\n\t\t\t\t<\/div>\n\t\t\t\t\t<\/div>\n\t\t\t\t<\/div>\n\t\t\t\t<\/div>\n\t\t","protected":false},"excerpt":{"rendered":"<p>Precedente Successivo Origine Francia Utilizzo Cane da compagnia Comportamento \/ Carattere Il Barbone \u00e8 un cane noto per la sua fedelta\u0300, pronto ad imparare e ad essere addestrato, il che lo rende un cane da compagnia particolarmente piacevole. Il Barbone (detto nella sua taglia pi\u00f9 piccola Barbone Toy o Barboncino) \u00e8 un cane brillante, simpatico, [&hellip;]<\/p>\n","protected":false},"author":2,"featured_media":0,"parent":16075,"menu_order":0,"comment_status":"closed","ping_status":"closed","template":"","meta":{"footnotes":""},"class_list":["post-16179","page","type-page","status-publish","hentry"],"_links":{"self":[{"href":"https:\/\/cucciolieallevamenti.it\/index.php?rest_route=\/wp\/v2\/pages\/16179","targetHints":{"allow":["GET"]}}],"collection":[{"href":"https:\/\/cucciolieallevamenti.it\/index.php?rest_route=\/wp\/v2\/pages"}],"about":[{"href":"https:\/\/cucciolieallevamenti.it\/index.php?rest_route=\/wp\/v2\/types\/page"}],"author":[{"embeddable":true,"href":"https:\/\/cucciolieallevamenti.it\/index.php?rest_route=\/wp\/v2\/users\/2"}],"replies":[{"embeddable":true,"href":"https:\/\/cucciolieallevamenti.it\/index.php?rest_route=%2Fwp%2Fv2%2Fcomments&post=16179"}],"version-history":[{"count":5,"href":"https:\/\/cucciolieallevamenti.it\/index.php?rest_route=\/wp\/v2\/pages\/16179\/revisions"}],"predecessor-version":[{"id":16221,"href":"https:\/\/cucciolieallevamenti.it\/index.php?rest_route=\/wp\/v2\/pages\/16179\/revisions\/16221"}],"up":[{"embeddable":true,"href":"https:\/\/cucciolieallevamenti.it\/index.php?rest_route=\/wp\/v2\/pages\/16075"}],"wp:attachment":[{"href":"https:\/\/cucciolieallevamenti.it\/index.php?rest_route=%2Fwp%2Fv2%2Fmedia&parent=16179"}],"curies":[{"name":"wp","href":"https:\/\/api.w.org\/{rel}","templated":true}]}}